{"id":96,"date":"2018-01-31T14:56:17","date_gmt":"2018-01-31T14:56:17","guid":{"rendered":"https:\/\/jekal.site\/?page_id=96"},"modified":"2025-07-25T04:46:48","modified_gmt":"2025-07-25T03:46:48","slug":"about","status":"publish","type":"page","link":"https:\/\/jekal.site\/fr\/about\/","title":{"rendered":"\u00c0 Propos"},"content":{"rendered":"<div class=\"wpb-content-wrapper\"><div class=\"vc_row wpb_row vc_row-fluid\"><div class=\"wpb_column vc_column_container vc_col-sm-6 sc_layouts_column_icons_position_left\"><div class=\"vc_column-inner\"><div class=\"wpb_wrapper\"><div id=\"sc_title_199774553\"\n\t\tclass=\"sc_title color_style_default sc_title_default  vc_custom_1738602189309\"><h6 class=\"sc_item_subtitle sc_title_subtitle sc_align_left sc_item_title_style_default\"><b>01.<\/b> overview<\/h6><h2 class=\"sc_item_title sc_title_title sc_align_left sc_item_title_style_default\">Qu'est-ce que JEKAL ?<\/h2><div class=\"sc_item_descr sc_title_descr sc_align_left\"><p>JEKAL SARL \u2013 Votre partenaire de confiance en mati\u00e8re de change de devises<br \/>\nDepuis 1998, JEKAL SARL propose des services de change rapides, s\u00e9curis\u00e9s et transparents. Avec plus de 10 000 transactions par an, nous nous sommes impos\u00e9s comme une r\u00e9f\u00e9rence de confiance au Maroc, offrant des taux de change comp\u00e9titifs et une approche personnalis\u00e9e \u00e0 nos clients.<\/p>\n<\/div><\/div><!-- \/.sc_title --><\/div><\/div><\/div><div class=\"wpb_column vc_column_container vc_col-sm-6 sc_layouts_column_icons_position_left\"><div class=\"vc_column-inner\"><div class=\"wpb_wrapper\"><div id=\"widget_video_751131171\" class=\"widget_area sc_widget_video vc_widget_video wpb_content_element\"><aside id=\"widget_video_751131171_widget\" class=\"widget widget_video\"><div id=\"sc_video_1219765118\" class=\"trx_addons_video_player with_cover hover_play\"><img loading=\"lazy\" decoding=\"async\" src=\"https:\/\/jekal.site\/wp-content\/uploads\/2018\/02\/bg-8-copyright.jpg\" alt=\"\" width=\"634\" height=\"430\"><div class=\"video_mask\"><\/div><div class=\"video_hover\" data-video=\"&lt;iframe src=&quot;https:\/\/player.vimeo.com\/video\/118330684?autoplay=1&quot; width=&quot;1200&quot; height=&quot;675&quot;&gt;&lt;\/iframe&gt;\"><\/div><div class=\"video_embed video_frame\"><\/div><\/div><\/aside><\/div><\/div><\/div><\/div><\/div><div data-vc-full-width=\"true\" data-vc-full-width-init=\"false\" class=\"vc_row wpb_row vc_row-fluid vc_custom_1523612423964 vc_row-has-fill\"><div class=\"wpb_column vc_column_container vc_col-sm-12 sc_layouts_column_icons_position_left\"><div class=\"vc_column-inner\"><div class=\"wpb_wrapper\"><div id=\"sc_services_311039866\" class=\"sc_services color_style_default sc_services_light sc_services_featured_top\"><h6 class=\"sc_item_subtitle sc_services_subtitle sc_align_center sc_item_title_style_default\"><b>02.<\/b> d\u00e9tails<\/h6><h2 class=\"sc_item_title sc_services_title sc_align_center sc_item_title_style_default\">Sp\u00e9cificit\u00e9s de JEKAL<\/h2><div class=\"sc_services_columns_wrap sc_item_columns sc_item_columns_3 trx_addons_columns_wrap columns_padding_bottom\"><div class=\"trx_addons_column-1_3\"><div class=\"sc_services_item no_links with_content with_icon sc_services_item_featured_top post-214 cpt_services type-cpt_services status-publish has-post-thumbnail hentry cpt_services_group-lymcoin-specifics\">\n\t<a href=\"https:\/\/jekal.site\/fr\/services\/currency-exchange\/\" id=\"sc_services_311039866_icon-09-transaction_1\"\n\t\t\t\t class=\"sc_services_item_icon icon-09-transaction\"><\/a>\t\n\t<div class=\"sc_services_item_info\">\n\t\t<div class=\"sc_services_item_header\">\t\t\t<h4 class=\"sc_services_item_title\"><a href=\"https:\/\/jekal.site\/fr\/services\/currency-exchange\/\">Change de devises<\/a><\/h4><\/div><div class=\"sc_services_item_content\"><p>Nous proposons des taux de change comp\u00e9titifs pour une grande vari\u00e9t\u00e9 de devises, y compris les principales devises comme le dollar am\u00e9ricain, l'euro, la livre sterling et bien d'autres.<\/p>\n<\/div><div class=\"sc_services_item_button sc_item_button\"><a href=\"https:\/\/jekal.site\/fr\/services\/currency-exchange\/\" class=\"sc_button sc_button_default sc_button_size_small\">Learn more<\/a><\/div><\/div>\n<\/div><\/div><div class=\"trx_addons_column-1_3\"><div class=\"sc_services_item no_links with_content with_icon sc_services_item_featured_top post-212 cpt_services type-cpt_services status-publish hentry cpt_services_group-lymcoin-specifics\">\n\t<a href=\"https:\/\/jekal.site\/fr\/services\/dotation\/\" id=\"sc_services_311039866_icon-globe-light_2\"\n\t\t\t\t class=\"sc_services_item_icon icon-globe-light\"><\/a>\t\n\t<div class=\"sc_services_item_info\">\n\t\t<div class=\"sc_services_item_header\">\t\t\t<h4 class=\"sc_services_item_title\"><a href=\"https:\/\/jekal.site\/fr\/services\/dotation\/\">Vous planifiez un voyage \u00e0 l\u2019\u00e9tranger ?<\/a><\/h4><\/div><div class=\"sc_services_item_content\"><p>JEKAL rend l'acc\u00e8s \u00e0 votre allocation de dotation simple et pratique.<\/p>\n<\/div><div class=\"sc_services_item_button sc_item_button\"><a href=\"https:\/\/jekal.site\/fr\/services\/dotation\/\" class=\"sc_button sc_button_default sc_button_size_small\">Learn more<\/a><\/div><\/div>\n<\/div><\/div><div class=\"trx_addons_column-1_3\"><div class=\"sc_services_item no_links with_content with_icon sc_services_item_featured_top post-213 cpt_services type-cpt_services status-publish has-post-thumbnail hentry cpt_services_group-lymcoin-specifics\">\n\t<a href=\"https:\/\/jekal.site\/fr\/services\/secure-transactions\/\" id=\"sc_services_311039866_icon-10-safety_3\"\n\t\t\t\t class=\"sc_services_item_icon icon-10-safety\"><\/a>\t\n\t<div class=\"sc_services_item_info\">\n\t\t<div class=\"sc_services_item_header\">\t\t\t<h4 class=\"sc_services_item_title\"><a href=\"https:\/\/jekal.site\/fr\/services\/secure-transactions\/\">Transactions s\u00e9curis\u00e9es<\/a><\/h4><\/div><div class=\"sc_services_item_content\"><p>Votre s\u00e9curit\u00e9 est notre priorit\u00e9. Nous utilisons les derni\u00e8res mesures de s\u00e9curit\u00e9 pour prot\u00e9ger vos transactions et vos informations personnelles.<\/p>\n<\/div><div class=\"sc_services_item_button sc_item_button\"><a href=\"https:\/\/jekal.site\/fr\/services\/secure-transactions\/\" class=\"sc_button sc_button_default sc_button_size_small\">Learn more<\/a><\/div><\/div>\n<\/div><\/div><\/div><\/div><!-- \/.sc_services --><\/div><\/div><\/div><\/div><div class=\"vc_row-full-width vc_clearfix\"><\/div><div class=\"vc_row wpb_row vc_row-fluid vc_custom_1738602689364 vc_row-o-content-middle vc_row-flex\"><div class=\"wpb_column vc_column_container vc_col-sm-6 sc_layouts_column_icons_position_left\"><div class=\"vc_column-inner\"><div class=\"wpb_wrapper\">\n\t<div  class=\"wpb_single_image wpb_content_element vc_align_center wpb_content_element\">\n\t\t\n\t\t<figure class=\"wpb_wrapper vc_figure\">\n\t\t\t<div class=\"vc_single_image-wrapper   vc_box_border_grey\"><img loading=\"lazy\" decoding=\"async\" width=\"500\" height=\"500\" src=\"https:\/\/jekal.site\/wp-content\/uploads\/2025\/02\/Business-mission.gif\" class=\"vc_single_image-img attachment-large\" alt=\"\" title=\"Mission d&#039;entreprise\" \/><\/div>\n\t\t<\/figure>\n\t<\/div>\n<\/div><\/div><\/div><div class=\"wpb_column vc_column_container vc_col-sm-6 sc_layouts_column_icons_position_left\"><div class=\"vc_column-inner\"><div class=\"wpb_wrapper\"><div id=\"sc_title_31560572\"\n\t\tclass=\"sc_title color_style_default sc_title_default  vc_custom_1738602568729\"><h6 class=\"sc_item_subtitle sc_title_subtitle sc_align_left sc_item_title_style_default\"><b>02.<\/b> Mission<\/h6><h2 class=\"sc_item_title sc_title_title sc_align_left sc_item_title_style_default\">Notre mission<\/h2><div class=\"sc_item_descr sc_title_descr sc_align_left\"><p>Faciliter le change de devises avec s\u00e9curit\u00e9, transparence et efficacit\u00e9, en garantissant les meilleures conditions et un service sur mesure qui r\u00e9pond aux besoins de nos clients.<\/p>\n<\/div><\/div><!-- \/.sc_title --><\/div><\/div><\/div><\/div><div class=\"vc_row wpb_row vc_row-fluid vc_row-o-content-middle vc_row-flex\"><div class=\"wpb_column vc_column_container vc_col-sm-6 sc_layouts_column_icons_position_left\"><div class=\"vc_column-inner\"><div class=\"wpb_wrapper\"><div id=\"sc_title_1429078587\"\n\t\tclass=\"sc_title color_style_default sc_title_default  vc_custom_1738602715765\"><h6 class=\"sc_item_subtitle sc_title_subtitle sc_align_left sc_item_title_style_default\"><b>02.<\/b> Vision<\/h6><h2 class=\"sc_item_title sc_title_title sc_align_left sc_item_title_style_default\"> Notre vision<\/h2><div class=\"sc_item_descr sc_title_descr sc_align_left\"><p>Devenir la soci\u00e9t\u00e9 de change leader au Maroc, reconnue pour notre fiabilit\u00e9, notre innovation et notre engagement envers l'excellence du service.<\/p>\n<\/div><\/div><!-- \/.sc_title --><\/div><\/div><\/div><div class=\"wpb_column vc_column_container vc_col-sm-6 sc_layouts_column_icons_position_left\"><div class=\"vc_column-inner\"><div class=\"wpb_wrapper\">\n\t<div  class=\"wpb_single_image wpb_content_element vc_align_center wpb_content_element\">\n\t\t\n\t\t<figure class=\"wpb_wrapper vc_figure\">\n\t\t\t<div class=\"vc_single_image-wrapper   vc_box_border_grey\"><img loading=\"lazy\" decoding=\"async\" width=\"500\" height=\"500\" src=\"https:\/\/jekal.site\/wp-content\/uploads\/2025\/02\/Finding-brilliant-ideas.gif\" class=\"vc_single_image-img attachment-large\" alt=\"\" title=\"Trouver des id\u00e9es brillantes\" \/><\/div>\n\t\t<\/figure>\n\t<\/div>\n<\/div><\/div><\/div><\/div><div class=\"vc_row wpb_row vc_row-fluid vc_custom_1522159520917\"><div class=\"wpb_column vc_column_container vc_col-sm-12 sc_layouts_column_icons_position_left\"><div class=\"vc_column-inner\"><div class=\"wpb_wrapper\"><div id=\"sc_title_409780962\"\n\t\tclass=\"sc_title color_style_default sc_title_default  vc_custom_1729659451312\"><h6 class=\"sc_item_subtitle sc_title_subtitle sc_align_center sc_item_title_style_default\"><b>04.<\/b> caract\u00e9ristiques<\/h6><h2 class=\"sc_item_title sc_title_title sc_align_center sc_item_title_style_default\">Pourquoi a-t-il besoin de Jekyll ?<\/h2><\/div><!-- \/.sc_title --><div class=\"vc_row wpb_row vc_inner vc_row-fluid\"><div class=\"wpb_column vc_column_container vc_col-sm-4 sc_layouts_column_icons_position_left\"><div class=\"vc_column-inner vc_custom_1522159182275\"><div class=\"wpb_wrapper\"><div id=\"sc_services_935550859\" class=\"sc_services color_style_default sc_services_light sc_services_featured_left\"><div class=\"sc_services_content sc_item_content sc_item_columns_1\"><div class=\"sc_services_item no_links with_content with_icon sc_services_item_featured_left post-216 cpt_services type-cpt_services status-publish has-post-thumbnail hentry cpt_services_group-features\">\n\t<span id=\"sc_services_935550859_icon-13-privacy_1\"\n\t\t\t\t class=\"sc_services_item_icon icon-13-privacy\"><\/span>\t\n\t<div class=\"sc_services_item_info\">\n\t\t<div class=\"sc_services_item_header\">\t\t\t<h5 class=\"sc_services_item_title\">Taux de change comp\u00e9titifs<\/h5><\/div><div class=\"sc_services_item_content\"><p>Nous proposons des taux de change parmi les plus comp\u00e9titifs du march\u00e9. Nos taux sont mis \u00e0 jour r\u00e9guli\u00e8rement pour vous garantir le meilleur rapport qualit\u00e9-prix.<\/p>\n<\/div><\/div>\n<\/div><div class=\"sc_services_item no_links with_content with_icon sc_services_item_featured_left post-217 cpt_services type-cpt_services status-publish has-post-thumbnail hentry cpt_services_group-features\">\n\t<span id=\"sc_services_935550859_icon-14-team_2\"\n\t\t\t\t class=\"sc_services_item_icon icon-14-team\"><\/span>\t\n\t<div class=\"sc_services_item_info\">\n\t\t<div class=\"sc_services_item_header\">\t\t\t<h5 class=\"sc_services_item_title\">Service rapide et efficace<\/h5><\/div><div class=\"sc_services_item_content\"><p>Nous comprenons que votre temps est pr\u00e9cieux. Nos processus simplifi\u00e9s et notre personnel exp\u00e9riment\u00e9 garantissent des services de change rapides et efficaces, afin que vous puissiez obtenir rapidement ce dont vous avez besoin.<\/p>\n<\/div><\/div>\n<\/div><div class=\"sc_services_item no_links with_content with_icon sc_services_item_featured_left post-218 cpt_services type-cpt_services status-publish has-post-thumbnail hentry cpt_services_group-features\">\n\t<span id=\"sc_services_935550859_icon-15-support_3\"\n\t\t\t\t class=\"sc_services_item_icon icon-15-support\"><\/span>\t\n\t<div class=\"sc_services_item_info\">\n\t\t<div class=\"sc_services_item_header\">\t\t\t<h5 class=\"sc_services_item_title\">Transactions s\u00e9curis\u00e9es<\/h5><\/div><div class=\"sc_services_item_content\"><p>Votre s\u00e9curit\u00e9 est notre priorit\u00e9. Nous utilisons les derni\u00e8res mesures de s\u00e9curit\u00e9 pour prot\u00e9ger vos transactions et vos informations personnelles.<\/p>\n<\/div><\/div>\n<\/div><\/div><\/div><!-- \/.sc_services --><\/div><\/div><\/div><div class=\"wpb_column vc_column_container vc_col-sm-4 sc_layouts_column_icons_position_left\"><div class=\"vc_column-inner vc_custom_1522159186577\"><div class=\"wpb_wrapper\">\n\t<div  class=\"wpb_single_image wpb_content_element vc_align_left wpb_content_element\">\n\t\t\n\t\t<figure class=\"wpb_wrapper vc_figure\">\n\t\t\t<div class=\"vc_single_image-wrapper   vc_box_border_grey\"><img decoding=\"async\" class=\"vc_single_image-img\" src=\"https:\/\/jekal.site\/wp-content\/uploads\/2018\/02\/6-copyright-405x588.png\" width=\"405\" height=\"588\" alt=\"6-copyright\" title=\"6-droit d&#039;auteur\" loading=\"lazy\" \/><\/div>\n\t\t<\/figure>\n\t<\/div>\n<\/div><\/div><\/div><div class=\"wpb_column vc_column_container vc_col-sm-4 sc_layouts_column_icons_position_left\"><div class=\"vc_column-inner vc_custom_1522159190794\"><div class=\"wpb_wrapper\"><div id=\"sc_services_1977404408\" class=\"sc_services color_style_default sc_services_light sc_services_featured_right\"><div class=\"sc_services_content sc_item_content sc_item_columns_1\"><div class=\"sc_services_item no_links with_content with_icon sc_services_item_featured_right post-219 cpt_services type-cpt_services status-publish has-post-thumbnail hentry cpt_services_group-our-features\">\n\t<span id=\"sc_services_1977404408_icon-16-adopt_1\"\n\t\t\t\t class=\"sc_services_item_icon icon-16-adopt\"><\/span>\t\n\t<div class=\"sc_services_item_info\">\n\t\t<div class=\"sc_services_item_header\">\t\t\t<h5 class=\"sc_services_item_title\">Large gamme de devises<\/h5><\/div><div class=\"sc_services_item_content\"><p>Nous \u00e9changeons une grande vari\u00e9t\u00e9 de devises, pour r\u00e9pondre \u00e0 vos divers besoins.<\/p>\n<\/div><\/div>\n<\/div><div class=\"sc_services_item no_links with_content with_icon sc_services_item_featured_right post-220 cpt_services type-cpt_services status-publish has-post-thumbnail hentry cpt_services_group-our-features\">\n\t<span id=\"sc_services_1977404408_icon-17-fast_2\"\n\t\t\t\t class=\"sc_services_item_icon icon-17-fast\"><\/span>\t\n\t<div class=\"sc_services_item_info\">\n\t\t<div class=\"sc_services_item_header\">\t\t\t<h5 class=\"sc_services_item_title\">Emplacements pratiques<\/h5><\/div><div class=\"sc_services_item_content\"><p>Visitez notre agence id\u00e9alement situ\u00e9e \u00e0 Larache, au Maroc. Nous sommes l\u00e0 pour vous servir\u00a0!<\/p>\n<\/div><\/div>\n<\/div><div class=\"sc_services_item no_links with_content with_icon sc_services_item_featured_right post-221 cpt_services type-cpt_services status-publish has-post-thumbnail hentry cpt_services_group-our-features\">\n\t<span id=\"sc_services_1977404408_icon-18-open_3\"\n\t\t\t\t class=\"sc_services_item_icon icon-18-open\"><\/span>\t\n\t<div class=\"sc_services_item_info\">\n\t\t<div class=\"sc_services_item_header\">\t\t\t<h5 class=\"sc_services_item_title\">Nous parlons votre langue<\/h5><\/div><div class=\"sc_services_item_content\"><p>Notre \u00e9quipe multilingue est l\u00e0 pour vous aider dans la langue de votre choix, rendant chaque \u00e9change de devises fluide, facile et personnalis\u00e9.<\/p>\n<\/div><\/div>\n<\/div><\/div><\/div><!-- \/.sc_services --><\/div><\/div><\/div><\/div><\/div><\/div><\/div><\/div><div class=\"vc_row wpb_row vc_row-fluid cs-style-block-about vc_custom_1522162203234 vc_row-has-fill\"><div class=\"wpb_column vc_column_container vc_col-sm-12 sc_layouts_column_icons_position_left\"><div class=\"vc_column-inner\"><div class=\"wpb_wrapper\"><div id=\"sc_title_1020417556\"\n\t\tclass=\"sc_title color_style_default sc_title_default\"><h6 class=\"sc_item_subtitle sc_title_subtitle sc_align_center sc_item_title_style_default\"><b>05.<\/b> Notre activit\u00e9<\/h6><h2 class=\"sc_item_title sc_title_title sc_align_center sc_item_title_style_default\">Le client au c\u0153ur de notre activit\u00e9<\/h2><div class=\"sc_item_descr sc_title_descr sc_align_center\"><p>Chez JEKAL, nos clients sont notre priorit\u00e9 absolue. Nous travaillons chaque jour pour fournir un service rapide et s\u00e9curis\u00e9 avec des taux de change \u00e9quitables et sans frais cach\u00e9s. Notre exp\u00e9rience et notre d\u00e9vouement nous permettent de construire des relations durables bas\u00e9es sur la confiance et la transparence.<\/p>\n<\/div><\/div><!-- \/.sc_title --><\/div><\/div><\/div><\/div><div class=\"vc_row wpb_row vc_row-fluid\"><div class=\"wpb_column vc_column_container vc_col-sm-12 sc_layouts_column_icons_position_left\"><div class=\"vc_column-inner\"><div class=\"wpb_wrapper\">\n\t<div class=\"wpb_text_column wpb_content_element\" >\n\t\t<div class=\"wpb_wrapper\">\n\t\t\t<div class=\"brz-root__container\"><\/div>\n\n\t\t<\/div>\n\t<\/div>\n<\/div><\/div><\/div><\/div>\n<\/div>","protected":false},"excerpt":{"rendered":"Lorem ipsum dolor sit amet, ea pri meis accusam. Et vis accusam rationibus liberavisse, an vix viderer admodum. Atqui docendi omittam ei has, liber constituam id vim. Eam in dico doming definiebas. Cum munere impetus et. Ne nam simul oblique alterum, pri solet omnium id, usu an munere. I must explain to you how all this mistaken Ne fugit essent&hellip;","protected":false},"author":1,"featured_media":0,"parent":0,"menu_order":0,"comment_status":"closed","ping_status":"closed","template":"","meta":{"_bbp_topic_count":0,"_bbp_reply_count":0,"_bbp_total_topic_count":0,"_bbp_total_reply_count":0,"_bbp_voice_count":0,"_bbp_anonymous_reply_count":0,"_bbp_topic_count_hidden":0,"_bbp_reply_count_hidden":0,"_bbp_forum_subforum_count":0,"footnotes":""},"class_list":["post-96","page","type-page","status-publish","hentry"],"yoast_head":"<!-- This site is optimized with the Yoast SEO Premium plugin v25.4 (Yoast SEO v25.4) - https:\/\/yoast.com\/wordpress\/plugins\/seo\/ -->\n<title>Money Insights: Understanding Currency Exchange - Jekal<\/title>\n<meta name=\"description\" content=\"Find out how JEKAL SARL has secured its place in the currency exchange industry, facilitating over 10,000 money transactions annually.\" \/>\n<meta name=\"robots\" content=\"index, follow, max-snippet:-1, max-image-preview:large, max-video-preview:-1\" \/>\n<link rel=\"canonical\" href=\"https:\/\/jekal.site\/fr\/about\/\" \/>\n<meta property=\"og:locale\" content=\"fr_FR\" \/>\n<meta property=\"og:type\" content=\"article\" \/>\n<meta property=\"og:title\" content=\"About\" \/>\n<meta property=\"og:description\" content=\"Find out how JEKAL SARL has secured its place in the currency exchange industry, facilitating over 10,000 money transactions annually.\" \/>\n<meta property=\"og:url\" content=\"https:\/\/jekal.site\/fr\/about\/\" \/>\n<meta property=\"og:site_name\" content=\"Jekal\" \/>\n<meta property=\"article:modified_time\" content=\"2025-07-25T03:46:48+00:00\" \/>\n<meta property=\"og:image\" content=\"https:\/\/jekal.site\/wp-content\/uploads\/2025\/07\/Screenshot-2025-07-24-223326.png\" \/>\n\t<meta property=\"og:image:width\" content=\"1918\" \/>\n\t<meta property=\"og:image:height\" content=\"1047\" \/>\n\t<meta property=\"og:image:type\" content=\"image\/png\" \/>\n<meta name=\"twitter:card\" content=\"summary_large_image\" \/>\n<meta name=\"twitter:label1\" content=\"Dur\u00e9e de lecture estim\u00e9e\" \/>\n\t<meta name=\"twitter:data1\" content=\"2 minutes\" \/>\n<script type=\"application\/ld+json\" class=\"yoast-schema-graph\">{\"@context\":\"https:\/\/schema.org\",\"@graph\":[{\"@type\":\"WebPage\",\"@id\":\"https:\/\/jekal.site\/about\/\",\"url\":\"https:\/\/jekal.site\/about\/\",\"name\":\"Money Insights: Understanding Currency Exchange - Jekal\",\"isPartOf\":{\"@id\":\"https:\/\/jekal.site\/#website\"},\"datePublished\":\"2018-01-31T14:56:17+00:00\",\"dateModified\":\"2025-07-25T03:46:48+00:00\",\"description\":\"Find out how JEKAL SARL has secured its place in the currency exchange industry, facilitating over 10,000 money transactions annually.\",\"breadcrumb\":{\"@id\":\"https:\/\/jekal.site\/about\/#breadcrumb\"},\"inLanguage\":\"fr-FR\",\"potentialAction\":[{\"@type\":\"ReadAction\",\"target\":[\"https:\/\/jekal.site\/about\/\"]}]},{\"@type\":\"BreadcrumbList\",\"@id\":\"https:\/\/jekal.site\/about\/#breadcrumb\",\"itemListElement\":[{\"@type\":\"ListItem\",\"position\":1,\"name\":\"Home\",\"item\":\"https:\/\/jekal.site\/\"},{\"@type\":\"ListItem\",\"position\":2,\"name\":\"About\"}]},{\"@type\":\"WebSite\",\"@id\":\"https:\/\/jekal.site\/#website\",\"url\":\"https:\/\/jekal.site\/\",\"name\":\"Jekal\",\"description\":\"Exchange Agency\",\"publisher\":{\"@id\":\"https:\/\/jekal.site\/#organization\"},\"potentialAction\":[{\"@type\":\"SearchAction\",\"target\":{\"@type\":\"EntryPoint\",\"urlTemplate\":\"https:\/\/jekal.site\/?s={search_term_string}\"},\"query-input\":{\"@type\":\"PropertyValueSpecification\",\"valueRequired\":true,\"valueName\":\"search_term_string\"}}],\"inLanguage\":\"fr-FR\"},{\"@type\":\"Organization\",\"@id\":\"https:\/\/jekal.site\/#organization\",\"name\":\"JEKAL | BUREAU DE CHANGE\",\"url\":\"https:\/\/jekal.site\/\",\"logo\":{\"@type\":\"ImageObject\",\"inLanguage\":\"fr-FR\",\"@id\":\"https:\/\/jekal.site\/#\/schema\/logo\/image\/\",\"url\":\"https:\/\/jekal.site\/wp-content\/uploads\/2024\/10\/cropped-cropped-JEKAL-4-w.png\",\"contentUrl\":\"https:\/\/jekal.site\/wp-content\/uploads\/2024\/10\/cropped-cropped-JEKAL-4-w.png\",\"width\":500,\"height\":154,\"caption\":\"JEKAL | BUREAU DE CHANGE\"},\"image\":{\"@id\":\"https:\/\/jekal.site\/#\/schema\/logo\/image\/\"},\"description\":\"JEKAL SARL \u2013 Your Trusted Partner in Currency Exchange Since 1998, JEKAL SARL has been providing fast, secure, and transparent currency exchange services. With over 10,000 transactions annually, we have established ourselves as a trusted reference in Morocco, offering competitive exchange rates and a personalized approach to our clients.\",\"email\":\"info@jekal.site\",\"telephone\":\"+212 539-910 077\",\"legalName\":\"JEKAL | BUREAU DE CHANGE\",\"foundingDate\":\"1999-07-04\",\"numberOfEmployees\":{\"@type\":\"QuantitativeValue\",\"minValue\":\"1\",\"maxValue\":\"10\"},\"publishingPrinciples\":\"https:\/\/jekal.site\/privacy-policy\/\",\"ownershipFundingInfo\":\"https:\/\/jekal.site\/\"}]}<\/script>\n<!-- \/ Yoast SEO Premium plugin. -->","yoast_head_json":{"title":"Money Insights: Understanding Currency Exchange - Jekal","description":"Find out how JEKAL SARL has secured its place in the currency exchange industry, facilitating over 10,000 money transactions annually.","robots":{"index":"index","follow":"follow","max-snippet":"max-snippet:-1","max-image-preview":"max-image-preview:large","max-video-preview":"max-video-preview:-1"},"canonical":"https:\/\/jekal.site\/fr\/about\/","og_locale":"fr_FR","og_type":"article","og_title":"About","og_description":"Find out how JEKAL SARL has secured its place in the currency exchange industry, facilitating over 10,000 money transactions annually.","og_url":"https:\/\/jekal.site\/fr\/about\/","og_site_name":"Jekal","article_modified_time":"2025-07-25T03:46:48+00:00","og_image":[{"width":1918,"height":1047,"url":"https:\/\/jekal.site\/wp-content\/uploads\/2025\/07\/Screenshot-2025-07-24-223326.png","type":"image\/png"}],"twitter_card":"summary_large_image","twitter_misc":{"Dur\u00e9e de lecture estim\u00e9e":"2 minutes"},"schema":{"@context":"https:\/\/schema.org","@graph":[{"@type":"WebPage","@id":"https:\/\/jekal.site\/about\/","url":"https:\/\/jekal.site\/about\/","name":"Money Insights: Understanding Currency Exchange - Jekal","isPartOf":{"@id":"https:\/\/jekal.site\/#website"},"datePublished":"2018-01-31T14:56:17+00:00","dateModified":"2025-07-25T03:46:48+00:00","description":"Find out how JEKAL SARL has secured its place in the currency exchange industry, facilitating over 10,000 money transactions annually.","breadcrumb":{"@id":"https:\/\/jekal.site\/about\/#breadcrumb"},"inLanguage":"fr-FR","potentialAction":[{"@type":"ReadAction","target":["https:\/\/jekal.site\/about\/"]}]},{"@type":"BreadcrumbList","@id":"https:\/\/jekal.site\/about\/#breadcrumb","itemListElement":[{"@type":"ListItem","position":1,"name":"Home","item":"https:\/\/jekal.site\/"},{"@type":"ListItem","position":2,"name":"About"}]},{"@type":"WebSite","@id":"https:\/\/jekal.site\/#website","url":"https:\/\/jekal.site\/","name":"Jekal","description":"Agence de change","publisher":{"@id":"https:\/\/jekal.site\/#organization"},"potentialAction":[{"@type":"SearchAction","target":{"@type":"EntryPoint","urlTemplate":"https:\/\/jekal.site\/?s={search_term_string}"},"query-input":{"@type":"PropertyValueSpecification","valueRequired":true,"valueName":"search_term_string"}}],"inLanguage":"fr-FR"},{"@type":"Organization","@id":"https:\/\/jekal.site\/#organization","name":"JEKAL | BUREAU DE CHANGE","url":"https:\/\/jekal.site\/","logo":{"@type":"ImageObject","inLanguage":"fr-FR","@id":"https:\/\/jekal.site\/#\/schema\/logo\/image\/","url":"https:\/\/jekal.site\/wp-content\/uploads\/2024\/10\/cropped-cropped-JEKAL-4-w.png","contentUrl":"https:\/\/jekal.site\/wp-content\/uploads\/2024\/10\/cropped-cropped-JEKAL-4-w.png","width":500,"height":154,"caption":"JEKAL | BUREAU DE CHANGE"},"image":{"@id":"https:\/\/jekal.site\/#\/schema\/logo\/image\/"},"description":"JEKAL SARL \u2013 Your Trusted Partner in Currency Exchange Since 1998, JEKAL SARL has been providing fast, secure, and transparent currency exchange services. With over 10,000 transactions annually, we have established ourselves as a trusted reference in Morocco, offering competitive exchange rates and a personalized approach to our clients.","email":"info@jekal.site","telephone":"+212 539-910 077","legalName":"JEKAL | BUREAU DE CHANGE","foundingDate":"1999-07-04","numberOfEmployees":{"@type":"QuantitativeValue","minValue":"1","maxValue":"10"},"publishingPrinciples":"https:\/\/jekal.site\/privacy-policy\/","ownershipFundingInfo":"https:\/\/jekal.site\/"}]}},"brizy_media":[],"_links":{"self":[{"href":"https:\/\/jekal.site\/fr\/wp-json\/wp\/v2\/pages\/96","targetHints":{"allow":["GET"]}}],"collection":[{"href":"https:\/\/jekal.site\/fr\/wp-json\/wp\/v2\/pages"}],"about":[{"href":"https:\/\/jekal.site\/fr\/wp-json\/wp\/v2\/types\/page"}],"author":[{"embeddable":true,"href":"https:\/\/jekal.site\/fr\/wp-json\/wp\/v2\/users\/1"}],"replies":[{"embeddable":true,"href":"https:\/\/jekal.site\/fr\/wp-json\/wp\/v2\/comments?post=96"}],"version-history":[{"count":5,"href":"https:\/\/jekal.site\/fr\/wp-json\/wp\/v2\/pages\/96\/revisions"}],"predecessor-version":[{"id":1747,"href":"https:\/\/jekal.site\/fr\/wp-json\/wp\/v2\/pages\/96\/revisions\/1747"}],"wp:attachment":[{"href":"https:\/\/jekal.site\/fr\/wp-json\/wp\/v2\/media?parent=96"}],"curies":[{"name":"wp","href":"https:\/\/api.w.org\/{rel}","templated":true}]}}