{"id":1393,"date":"2024-12-18T14:57:19","date_gmt":"2024-12-18T13:57:19","guid":{"rendered":"https:\/\/jekal.site\/?page_id=1393"},"modified":"2025-02-26T13:02:45","modified_gmt":"2025-02-26T12:02:45","slug":"aenor","status":"publish","type":"page","link":"https:\/\/jekal.site\/fr\/aenor\/","title":{"rendered":"AENOR"},"content":{"rendered":"<div class=\"wpb-content-wrapper\"><div class=\"vc_row wpb_row vc_row-fluid wpb_animate_when_almost_visible wpb_left-to-right left-to-right\"><div class=\"wpb_column vc_column_container vc_col-sm-6 sc_layouts_column_icons_position_left\"><div class=\"vc_column-inner\"><div class=\"wpb_wrapper\">\n\t<div  class=\"wpb_single_image wpb_content_element vc_align_left wpb_content_element\">\n\t\t\n\t\t<figure class=\"wpb_wrapper vc_figure\">\n\t\t\t<div class=\"vc_single_image-wrapper   vc_box_border_grey\"><img decoding=\"async\" class=\"vc_single_image-img\" src=\"https:\/\/jekal.site\/wp-content\/uploads\/2024\/12\/Business-merger.gif\" width=\"500\" height=\"500\" alt=\"Business merger\" title=\"Business merger\" loading=\"lazy\" \/><\/div>\n\t\t<\/figure>\n\t<\/div>\n<\/div><\/div><\/div><div class=\"wpb_column vc_column_container vc_col-sm-6 sc_layouts_column_icons_position_left\"><div class=\"vc_column-inner\"><div class=\"wpb_wrapper\"><div id=\"sc_title_338258717\"\n\t\tclass=\"sc_title color_style_default sc_title_default  vc_custom_1734530420014\"><h6 class=\"sc_item_subtitle sc_title_subtitle sc_align_left sc_item_title_style_default\"><b>01.<\/b> Certification AENOR<\/h6><h2 class=\"sc_item_title sc_title_title sc_align_left sc_item_title_style_default\">Instaurer la confiance gr\u00e2ce aux normes<\/h2><div class=\"sc_item_descr sc_title_descr sc_align_left\"><p>AENOR est une organisation internationalement reconnue qui se consacre \u00e0 la promotion de la confiance entre les entreprises et leurs clients. Forte de plusieurs d\u00e9cennies d'expertise en mati\u00e8re de certification, d'inspection et de formation, AENOR permet aux organisations de se conformer aux normes internationales, d'am\u00e9liorer leur excellence op\u00e9rationnelle et de renforcer leur r\u00e9putation sur le march\u00e9. Qu'elles soient ax\u00e9es sur la gestion de la qualit\u00e9, la durabilit\u00e9 environnementale ou la s\u00e9curit\u00e9 au travail, les certifications AENOR d\u00e9montrent un engagement envers l'excellence et la responsabilit\u00e9.<\/p>\n<\/div><\/div><!-- \/.sc_title --><\/div><\/div><\/div><\/div><div class=\"vc_row wpb_row vc_row-fluid wpb_animate_when_almost_visible wpb_right-to-left right-to-left vc_custom_1734530928989\"><div class=\"wpb_column vc_column_container vc_col-sm-6 sc_layouts_column_icons_position_left\"><div class=\"vc_column-inner\"><div class=\"wpb_wrapper\"><div id=\"sc_title_880008749\"\n\t\tclass=\"sc_title color_style_default sc_title_default  vc_custom_1734530443254\"><h6 class=\"sc_item_subtitle sc_title_subtitle sc_align_left sc_item_title_style_default\"><b>02.<\/b> Pourquoi AENOR?<\/h6><h2 class=\"sc_item_title sc_title_title sc_align_left sc_item_title_style_default\">Pourquoi la certification AENOR est importante<\/h2><div class=\"sc_item_descr sc_title_descr sc_align_left\"><p>L'obtention d'une certification AENOR signifie bien plus que la conformit\u00e9 ; c'est une marque de confiance et de fiabilit\u00e9. Les entreprises certifi\u00e9es par AENOR sont reconnues pour leur capacit\u00e9 \u00e0 respecter les normes les plus strictes du secteur. Cela renforce non seulement la confiance des clients, mais positionne \u00e9galement les organisations comme leaders dans leur domaine, leur permettant d'explorer de nouveaux march\u00e9s en toute confiance.<\/p>\n<p>La mission d\u2019AENOR va au-del\u00e0 de la d\u00e9livrance de certificats. En travaillant en \u00e9troite collaboration avec les entreprises, l\u2019AENOR veille \u00e0 ce que chaque certification apporte une valeur ajout\u00e9e, en mettant l\u2019accent sur les am\u00e9liorations concr\u00e8tes et en favorisant les pratiques durables.<\/p>\n<\/div><\/div><!-- \/.sc_title --><\/div><\/div><\/div><div class=\"wpb_column vc_column_container vc_col-sm-6 sc_layouts_column_icons_position_left\"><div class=\"vc_column-inner\"><div class=\"wpb_wrapper\">\n\t<div  class=\"wpb_single_image wpb_content_element vc_align_left wpb_content_element\">\n\t\t\n\t\t<figure class=\"wpb_wrapper vc_figure\">\n\t\t\t<div class=\"vc_single_image-wrapper   vc_box_border_grey\"><img decoding=\"async\" class=\"vc_single_image-img\" src=\"https:\/\/jekal.site\/wp-content\/uploads\/2024\/12\/Shared-goals.gif\" width=\"500\" height=\"500\" alt=\"Shared goals\" title=\"Shared goals\" loading=\"lazy\" \/><\/div>\n\t\t<\/figure>\n\t<\/div>\n<\/div><\/div><\/div><\/div><div data-vc-full-width=\"true\" data-vc-full-width-init=\"false\" class=\"vc_row wpb_row vc_row-fluid wpb_animate_when_almost_visible wpb_bottom-to-top bottom-to-top vc_custom_1734535865023 vc_row-has-fill\"><div class=\"wpb_column vc_column_container vc_col-sm-12 sc_layouts_column_icons_position_left\"><div class=\"vc_column-inner\"><div class=\"wpb_wrapper\"><div id=\"sc_title_1342876550\"\n\t\tclass=\"sc_title color_style_default sc_title_default  vc_custom_1734530473982\"><h6 class=\"sc_item_subtitle sc_title_subtitle sc_align_left sc_item_title_style_default\"><b>03.<\/b> Avantages de la certification<\/h6><h2 class=\"sc_item_title sc_title_title sc_align_left sc_item_title_style_default\">Domaines d'expertise<\/h2><div class=\"sc_item_descr sc_title_descr sc_align_left\"><p>AENOR fournit des certifications dans un large \u00e9ventail de secteurs et de disciplines, notamment :<\/p>\n<\/div><\/div><!-- \/.sc_title --><div id=\"sc_icons_952978624\" \n\tclass=\"sc_icons sc_icons_modern sc_icons_size_medium sc_align_center\"><div class=\"sc_icons_columns_wrap sc_item_columns trx_addons_columns_wrap columns_padding_bottom\"><div class=\"trx_addons_column-1_4\"><div class=\"sc_icons_item\"><div id=\"sc_icons_952978624_icon-icon-1\" class=\"sc_icons_icon sc_icon_type_ icon-icon-1\"\n\t\t\t\t\t\t\t\t\t\t\t\t><span class=\"sc_icon_type_ icon-icon-1\"><\/span><\/div><h4 class=\"sc_icons_item_title\"><span>Syst\u00e8mes de gestion de la qualit\u00e9<\/span><\/h4><div class=\"sc_icons_item_description\"><span>Renforcer l'efficacit\u00e9 op\u00e9rationnelle tout en r\u00e9pondant aux attentes des clients.<\/span><span><\/span><\/div><\/div><\/div><div class=\"trx_addons_column-1_4\"><div class=\"sc_icons_item\"><div id=\"sc_icons_952978624_icon-icon-2\" class=\"sc_icons_icon sc_icon_type_ icon-icon-2\"\n\t\t\t\t\t\t\t\t\t\t\t\t><span class=\"sc_icon_type_ icon-icon-2\"><\/span><\/div><h4 class=\"sc_icons_item_title\"><span>Durabilit\u00e9 environnementale<\/span><\/h4><div class=\"sc_icons_item_description\"><span>Reconna\u00eetre les efforts visant \u00e0 minimiser l\u2019impact \u00e9cologique et \u00e0 favoriser la durabilit\u00e9.<\/span><span><\/span><\/div><\/div><\/div><div class=\"trx_addons_column-1_4\"><div class=\"sc_icons_item\"><div id=\"sc_icons_952978624_icon-icon-3\" class=\"sc_icons_icon sc_icon_type_ icon-icon-3\"\n\t\t\t\t\t\t\t\t\t\t\t\t><span class=\"sc_icon_type_ icon-icon-3\"><\/span><\/div><h4 class=\"sc_icons_item_title\"><span>S\u00e9curit\u00e9 au travail<\/span><\/h4><div class=\"sc_icons_item_description\"><span>Assurer des pratiques de s\u00e9curit\u00e9 qui prot\u00e8gent les employ\u00e9s et les op\u00e9rations<\/span><\/div><\/div><\/div><div class=\"trx_addons_column-1_4\"><div class=\"sc_icons_item\"><div id=\"sc_icons_952978624_icon-icon-4\" class=\"sc_icons_icon sc_icon_type_ icon-icon-4\"\n\t\t\t\t\t\t\t\t\t\t\t\t><span class=\"sc_icon_type_ icon-icon-4\"><\/span><\/div><h4 class=\"sc_icons_item_title\"><span>Responsabilit\u00e9 sociale<\/span><\/h4><div class=\"sc_icons_item_description\"><span>Reconna\u00eetre les entreprises engag\u00e9es dans des pratiques commerciales \u00e9thiques, durables et responsables.<\/span><span><\/span><\/div><\/div><\/div><\/div><\/div><!-- \/.sc_icons --><\/div><\/div><\/div><\/div><div class=\"vc_row-full-width vc_clearfix\"><\/div><div class=\"vc_row wpb_row vc_row-fluid wpb_animate_when_almost_visible wpb_appear appear vc_custom_1734535877310\"><div class=\"wpb_column vc_column_container vc_col-sm-6 sc_layouts_column_icons_position_left\"><div class=\"vc_column-inner vc_custom_1734535716117\"><div class=\"wpb_wrapper\">\n\t<div class=\"wpb_text_column wpb_content_element\" >\n\t\t<div class=\"wpb_wrapper\">\n\t\t\t<div class=\"cus-cont\">\n<p><span class=\"trx_addons_dropcap trx_addons_dropcap_style_1\">V<\/span><\/p>\n<h3><strong>Votre parcours de certification<\/strong><\/h3>\n<\/div>\n<p>Le parcours vers la certification AENOR commence par une \u00e9valuation initiale visant \u00e0 identifier les possibilit\u00e9s d\u2019am\u00e9lioration. Les entreprises mettent ensuite en \u0153uvre des changements pour se conformer aux normes mondiales. Un audit complet men\u00e9 par des experts AENOR \u00e9value la conformit\u00e9 et confirme l\u2019\u00e9ligibilit\u00e9 \u00e0 la certification. Une fois accord\u00e9e, la certification constitue une marque de distinction reconnue \u00e0 l\u2019\u00e9chelle internationale.<\/p>\n\n\t\t<\/div>\n\t<\/div>\n<\/div><\/div><\/div><div class=\"wpb_column vc_column_container vc_col-sm-6 sc_layouts_column_icons_position_left\"><div class=\"vc_column-inner vc_custom_1523450091562\"><div class=\"wpb_wrapper\">\n\t<div class=\"wpb_text_column wpb_content_element\" >\n\t\t<div class=\"wpb_wrapper\">\n\t\t\t<div class=\"cus-cont\">\n<p><span class=\"trx_addons_dropcap trx_addons_dropcap_style_1\">F<\/span><\/p>\n<h3><strong>Faites confiance \u00e0 la norme AENOR<\/strong><\/h3>\n<\/div>\n<p>Rejoignez le r\u00e9seau d\u2019organisations du monde entier qui s\u2019appuient sur les certifications AENOR pour favoriser l\u2019excellence, renforcer la confiance et ouvrir de nouvelles possibilit\u00e9s. AENOR n\u2019est pas seulement un fournisseur de certification ; c\u2019est un partenaire sur la voie du succ\u00e8s et de la durabilit\u00e9.<\/p>\n\n\t\t<\/div>\n\t<\/div>\n<\/div><\/div><\/div><\/div><div class=\"vc_row wpb_row vc_row-fluid\"><div class=\"wpb_column vc_column_container vc_col-sm-12 sc_layouts_column_icons_position_left\"><div class=\"vc_column-inner\"><div class=\"wpb_wrapper\"><div class=\"vc_separator wpb_content_element vc_separator_align_center vc_sep_width_100 vc_sep_shadow vc_sep_pos_align_center vc_separator_no_text vc_sep_color_white vc_custom_1734535652437 wpb_content_element  vc_custom_1734535652437 wpb_content_element\" ><span class=\"vc_sep_holder vc_sep_holder_l\"><span class=\"vc_sep_line\"><\/span><\/span><span class=\"vc_sep_holder vc_sep_holder_r\"><span class=\"vc_sep_line\"><\/span><\/span>\n<\/div>\n\t<div  class=\"wpb_single_image wpb_content_element vc_align_center wpb_content_element\">\n\t\t\n\t\t<figure class=\"wpb_wrapper vc_figure\">\n\t\t\t<a href=\"https:\/\/jekal.site\/wp-content\/uploads\/2024\/12\/AENOR-Confia-1-724x1024.jpg\" target=\"_self\" class=\"vc_single_image-wrapper vc_box_shadow_3d  vc_box_border_grey\"><img loading=\"lazy\" decoding=\"async\" width=\"724\" height=\"1024\" src=\"https:\/\/jekal.site\/wp-content\/uploads\/2024\/12\/AENOR-Confia-1-724x1024.jpg\" class=\"vc_single_image-img attachment-large\" alt=\"\" title=\"AENOR Conf\u00eda\" srcset=\"https:\/\/jekal.site\/wp-content\/uploads\/2024\/12\/AENOR-Confia-1-724x1024.jpg 724w, https:\/\/jekal.site\/wp-content\/uploads\/2024\/12\/AENOR-Confia-1-212x300.jpg 212w, https:\/\/jekal.site\/wp-content\/uploads\/2024\/12\/AENOR-Confia-1-768x1086.jpg 768w, https:\/\/jekal.site\/wp-content\/uploads\/2024\/12\/AENOR-Confia-1-1086x1536.jpg 1086w, https:\/\/jekal.site\/wp-content\/uploads\/2024\/12\/AENOR-Confia-1-8x12.jpg 8w, https:\/\/jekal.site\/wp-content\/uploads\/2024\/12\/AENOR-Confia-1-370x523.jpg 370w, https:\/\/jekal.site\/wp-content\/uploads\/2024\/12\/AENOR-Confia-1-840x1188.jpg 840w, https:\/\/jekal.site\/wp-content\/uploads\/2024\/12\/AENOR-Confia-1.jpg 1414w\" sizes=\"auto, (max-width: 724px) 100vw, 724px\" \/><\/a>\n\t\t<\/figure>\n\t<\/div>\n<\/div><\/div><\/div><\/div>\n<\/div>","protected":false},"excerpt":{"rendered":"01. AENOR CertificationBuilding Trust Through StandardsAENOR is an internationally recognized organization dedicated to fostering trust between businesses and their customers. With decades of expertise in certification, inspection, and training, AENOR empowers organizations to achieve compliance with international standards, improve their operational excellence, and enhance their market reputation. Whether focusing on quality management, environmental sustainability, or workplace safety, AENOR certifications demonstrate&hellip;","protected":false},"author":1,"featured_media":0,"parent":0,"menu_order":0,"comment_status":"closed","ping_status":"closed","template":"","meta":{"_bbp_topic_count":0,"_bbp_reply_count":0,"_bbp_total_topic_count":0,"_bbp_total_reply_count":0,"_bbp_voice_count":0,"_bbp_anonymous_reply_count":0,"_bbp_topic_count_hidden":0,"_bbp_reply_count_hidden":0,"_bbp_forum_subforum_count":0,"footnotes":""},"class_list":["post-1393","page","type-page","status-publish","hentry"],"yoast_head":"<!-- This site is optimized with the Yoast SEO Premium plugin v25.4 (Yoast SEO v25.4) - https:\/\/yoast.com\/wordpress\/plugins\/seo\/ -->\n<title>AENOR - Jekal<\/title>\n<meta name=\"robots\" content=\"index, follow, max-snippet:-1, max-image-preview:large, max-video-preview:-1\" \/>\n<link rel=\"canonical\" href=\"https:\/\/jekal.site\/fr\/aenor\/\" \/>\n<meta property=\"og:locale\" content=\"fr_FR\" \/>\n<meta property=\"og:type\" content=\"article\" \/>\n<meta property=\"og:title\" content=\"AENOR\" \/>\n<meta property=\"og:url\" content=\"https:\/\/jekal.site\/fr\/aenor\/\" \/>\n<meta property=\"og:site_name\" content=\"Jekal\" \/>\n<meta property=\"article:modified_time\" content=\"2025-02-26T12:02:45+00:00\" \/>\n<meta property=\"og:image\" content=\"https:\/\/jekal.site\/wp-content\/uploads\/2025\/07\/Screenshot-2025-07-24-223326.png\" \/>\n\t<meta property=\"og:image:width\" content=\"1918\" \/>\n\t<meta property=\"og:image:height\" content=\"1047\" \/>\n\t<meta property=\"og:image:type\" content=\"image\/png\" \/>\n<meta name=\"twitter:card\" content=\"summary_large_image\" \/>\n<meta name=\"twitter:label1\" content=\"Dur\u00e9e de lecture estim\u00e9e\" \/>\n\t<meta name=\"twitter:data1\" content=\"4 minutes\" \/>\n<script type=\"application\/ld+json\" class=\"yoast-schema-graph\">{\"@context\":\"https:\/\/schema.org\",\"@graph\":[{\"@type\":\"WebPage\",\"@id\":\"https:\/\/jekal.site\/aenor\/\",\"url\":\"https:\/\/jekal.site\/aenor\/\",\"name\":\"AENOR - Jekal\",\"isPartOf\":{\"@id\":\"https:\/\/jekal.site\/#website\"},\"datePublished\":\"2024-12-18T13:57:19+00:00\",\"dateModified\":\"2025-02-26T12:02:45+00:00\",\"breadcrumb\":{\"@id\":\"https:\/\/jekal.site\/aenor\/#breadcrumb\"},\"inLanguage\":\"fr-FR\",\"potentialAction\":[{\"@type\":\"ReadAction\",\"target\":[\"https:\/\/jekal.site\/aenor\/\"]}]},{\"@type\":\"BreadcrumbList\",\"@id\":\"https:\/\/jekal.site\/aenor\/#breadcrumb\",\"itemListElement\":[{\"@type\":\"ListItem\",\"position\":1,\"name\":\"Home\",\"item\":\"https:\/\/jekal.site\/\"},{\"@type\":\"ListItem\",\"position\":2,\"name\":\"AENOR\"}]},{\"@type\":\"WebSite\",\"@id\":\"https:\/\/jekal.site\/#website\",\"url\":\"https:\/\/jekal.site\/\",\"name\":\"Jekal\",\"description\":\"Exchange Agency\",\"publisher\":{\"@id\":\"https:\/\/jekal.site\/#organization\"},\"potentialAction\":[{\"@type\":\"SearchAction\",\"target\":{\"@type\":\"EntryPoint\",\"urlTemplate\":\"https:\/\/jekal.site\/?s={search_term_string}\"},\"query-input\":{\"@type\":\"PropertyValueSpecification\",\"valueRequired\":true,\"valueName\":\"search_term_string\"}}],\"inLanguage\":\"fr-FR\"},{\"@type\":\"Organization\",\"@id\":\"https:\/\/jekal.site\/#organization\",\"name\":\"JEKAL | BUREAU DE CHANGE\",\"url\":\"https:\/\/jekal.site\/\",\"logo\":{\"@type\":\"ImageObject\",\"inLanguage\":\"fr-FR\",\"@id\":\"https:\/\/jekal.site\/#\/schema\/logo\/image\/\",\"url\":\"https:\/\/jekal.site\/wp-content\/uploads\/2024\/10\/cropped-cropped-JEKAL-4-w.png\",\"contentUrl\":\"https:\/\/jekal.site\/wp-content\/uploads\/2024\/10\/cropped-cropped-JEKAL-4-w.png\",\"width\":500,\"height\":154,\"caption\":\"JEKAL | BUREAU DE CHANGE\"},\"image\":{\"@id\":\"https:\/\/jekal.site\/#\/schema\/logo\/image\/\"},\"description\":\"JEKAL SARL \u2013 Your Trusted Partner in Currency Exchange Since 1998, JEKAL SARL has been providing fast, secure, and transparent currency exchange services. With over 10,000 transactions annually, we have established ourselves as a trusted reference in Morocco, offering competitive exchange rates and a personalized approach to our clients.\",\"email\":\"info@jekal.site\",\"telephone\":\"+212 539-910 077\",\"legalName\":\"JEKAL | BUREAU DE CHANGE\",\"foundingDate\":\"1999-07-04\",\"numberOfEmployees\":{\"@type\":\"QuantitativeValue\",\"minValue\":\"1\",\"maxValue\":\"10\"},\"publishingPrinciples\":\"https:\/\/jekal.site\/privacy-policy\/\",\"ownershipFundingInfo\":\"https:\/\/jekal.site\/\"}]}<\/script>\n<!-- \/ Yoast SEO Premium plugin. -->","yoast_head_json":{"title":"AENOR - Jekal","robots":{"index":"index","follow":"follow","max-snippet":"max-snippet:-1","max-image-preview":"max-image-preview:large","max-video-preview":"max-video-preview:-1"},"canonical":"https:\/\/jekal.site\/fr\/aenor\/","og_locale":"fr_FR","og_type":"article","og_title":"AENOR","og_url":"https:\/\/jekal.site\/fr\/aenor\/","og_site_name":"Jekal","article_modified_time":"2025-02-26T12:02:45+00:00","og_image":[{"width":1918,"height":1047,"url":"https:\/\/jekal.site\/wp-content\/uploads\/2025\/07\/Screenshot-2025-07-24-223326.png","type":"image\/png"}],"twitter_card":"summary_large_image","twitter_misc":{"Dur\u00e9e de lecture estim\u00e9e":"4 minutes"},"schema":{"@context":"https:\/\/schema.org","@graph":[{"@type":"WebPage","@id":"https:\/\/jekal.site\/aenor\/","url":"https:\/\/jekal.site\/aenor\/","name":"AENOR - Jekal","isPartOf":{"@id":"https:\/\/jekal.site\/#website"},"datePublished":"2024-12-18T13:57:19+00:00","dateModified":"2025-02-26T12:02:45+00:00","breadcrumb":{"@id":"https:\/\/jekal.site\/aenor\/#breadcrumb"},"inLanguage":"fr-FR","potentialAction":[{"@type":"ReadAction","target":["https:\/\/jekal.site\/aenor\/"]}]},{"@type":"BreadcrumbList","@id":"https:\/\/jekal.site\/aenor\/#breadcrumb","itemListElement":[{"@type":"ListItem","position":1,"name":"Home","item":"https:\/\/jekal.site\/"},{"@type":"ListItem","position":2,"name":"AENOR"}]},{"@type":"WebSite","@id":"https:\/\/jekal.site\/#website","url":"https:\/\/jekal.site\/","name":"Jekal","description":"Agence de change","publisher":{"@id":"https:\/\/jekal.site\/#organization"},"potentialAction":[{"@type":"SearchAction","target":{"@type":"EntryPoint","urlTemplate":"https:\/\/jekal.site\/?s={search_term_string}"},"query-input":{"@type":"PropertyValueSpecification","valueRequired":true,"valueName":"search_term_string"}}],"inLanguage":"fr-FR"},{"@type":"Organization","@id":"https:\/\/jekal.site\/#organization","name":"JEKAL | BUREAU DE CHANGE","url":"https:\/\/jekal.site\/","logo":{"@type":"ImageObject","inLanguage":"fr-FR","@id":"https:\/\/jekal.site\/#\/schema\/logo\/image\/","url":"https:\/\/jekal.site\/wp-content\/uploads\/2024\/10\/cropped-cropped-JEKAL-4-w.png","contentUrl":"https:\/\/jekal.site\/wp-content\/uploads\/2024\/10\/cropped-cropped-JEKAL-4-w.png","width":500,"height":154,"caption":"JEKAL | BUREAU DE CHANGE"},"image":{"@id":"https:\/\/jekal.site\/#\/schema\/logo\/image\/"},"description":"JEKAL SARL \u2013 Your Trusted Partner in Currency Exchange Since 1998, JEKAL SARL has been providing fast, secure, and transparent currency exchange services. With over 10,000 transactions annually, we have established ourselves as a trusted reference in Morocco, offering competitive exchange rates and a personalized approach to our clients.","email":"info@jekal.site","telephone":"+212 539-910 077","legalName":"JEKAL | BUREAU DE CHANGE","foundingDate":"1999-07-04","numberOfEmployees":{"@type":"QuantitativeValue","minValue":"1","maxValue":"10"},"publishingPrinciples":"https:\/\/jekal.site\/privacy-policy\/","ownershipFundingInfo":"https:\/\/jekal.site\/"}]}},"brizy_media":[],"_links":{"self":[{"href":"https:\/\/jekal.site\/fr\/wp-json\/wp\/v2\/pages\/1393","targetHints":{"allow":["GET"]}}],"collection":[{"href":"https:\/\/jekal.site\/fr\/wp-json\/wp\/v2\/pages"}],"about":[{"href":"https:\/\/jekal.site\/fr\/wp-json\/wp\/v2\/types\/page"}],"author":[{"embeddable":true,"href":"https:\/\/jekal.site\/fr\/wp-json\/wp\/v2\/users\/1"}],"replies":[{"embeddable":true,"href":"https:\/\/jekal.site\/fr\/wp-json\/wp\/v2\/comments?post=1393"}],"version-history":[{"count":5,"href":"https:\/\/jekal.site\/fr\/wp-json\/wp\/v2\/pages\/1393\/revisions"}],"predecessor-version":[{"id":1468,"href":"https:\/\/jekal.site\/fr\/wp-json\/wp\/v2\/pages\/1393\/revisions\/1468"}],"wp:attachment":[{"href":"https:\/\/jekal.site\/fr\/wp-json\/wp\/v2\/media?parent=1393"}],"curies":[{"name":"wp","href":"https:\/\/api.w.org\/{rel}","templated":true}]}}