{"id":1375,"date":"2024-12-03T17:51:02","date_gmt":"2024-12-03T16:51:02","guid":{"rendered":"https:\/\/jekal.site\/?page_id=1375"},"modified":"2025-02-26T13:03:41","modified_gmt":"2025-02-26T12:03:41","slug":"iqnet","status":"publish","type":"page","link":"https:\/\/jekal.site\/fr\/iqnet\/","title":{"rendered":"IQNET"},"content":{"rendered":"<div class=\"wpb-content-wrapper\"><div class=\"vc_row wpb_row vc_row-fluid wpb_animate_when_almost_visible wpb_right-to-left right-to-left vc_row-o-equal-height vc_row-o-content-middle vc_row-flex\"><div class=\"wpb_column vc_column_container vc_col-sm-6 sc_layouts_column_icons_position_left\"><div class=\"vc_column-inner\"><div class=\"wpb_wrapper\">\n\t<div  class=\"wpb_single_image wpb_content_element vc_align_left wpb_content_element\">\n\t\t\n\t\t<figure class=\"wpb_wrapper vc_figure\">\n\t\t\t<div class=\"vc_single_image-wrapper   vc_box_border_grey\"><img decoding=\"async\" class=\"vc_single_image-img\" src=\"https:\/\/jekal.site\/wp-content\/uploads\/2024\/12\/Certification.gif\" width=\"500\" height=\"500\" alt=\"Certification\" title=\"Certification\" loading=\"lazy\" \/><\/div>\n\t\t<\/figure>\n\t<\/div>\n<\/div><\/div><\/div><div class=\"wpb_column vc_column_container vc_col-sm-6 sc_layouts_column_icons_position_left\"><div class=\"vc_column-inner\"><div class=\"wpb_wrapper\"><div id=\"sc_title_197493480\"\n\t\tclass=\"sc_title color_style_default sc_title_default  vc_custom_1734528087925\"><h6 class=\"sc_item_subtitle sc_title_subtitle sc_align_left sc_item_title_style_default\"><b>01.<\/b> Aper\u00e7u<\/h6><h2 class=\"sc_item_title sc_title_title sc_align_left sc_item_title_style_default\">Pr\u00e9sentation de la certification IQNET<\/h2><div class=\"sc_item_descr sc_title_descr sc_align_left\"><p>IQNET est un r\u00e9seau de certification reconnu \u00e0 l'\u00e9chelle internationale, dont la mission est d'aider les entreprises \u00e0 respecter les normes internationales. La certification par l'interm\u00e9diaire d'IQNET d\u00e9montre votre engagement envers la qualit\u00e9 et l'excellence op\u00e9rationnelle, ce qui est essentiel pour gagner en cr\u00e9dibilit\u00e9 et \u00e9largir l'acc\u00e8s au march\u00e9.<\/p>\n<\/div><\/div><!-- \/.sc_title --><\/div><\/div><\/div><\/div><div class=\"vc_row wpb_row vc_row-fluid wpb_animate_when_almost_visible wpb_left-to-right left-to-right vc_custom_1740571386889 vc_row-o-equal-height vc_row-o-content-middle vc_row-flex\"><div class=\"wpb_column vc_column_container vc_col-sm-6 sc_layouts_column_icons_position_left\"><div class=\"vc_column-inner\"><div class=\"wpb_wrapper\"><div id=\"sc_title_550306048\"\n\t\tclass=\"sc_title color_style_default sc_title_default  vc_custom_1734527738879\"><h6 class=\"sc_item_subtitle sc_title_subtitle sc_align_left sc_item_title_style_default\"><b>02.<\/b> Pourquoi IQNET?<\/h6><h2 class=\"sc_item_title sc_title_title sc_align_left sc_item_title_style_default\">Pourquoi choisir la certification IQNET ?<\/h2><div class=\"sc_item_descr sc_title_descr sc_align_left\"><p>Choisir la certification IQNET renforce non seulement la r\u00e9putation de votre entreprise, mais vous aide \u00e9galement \u00e0 acqu\u00e9rir un avantage concurrentiel en garantissant le respect des normes reconnues \u00e0 l'\u00e9chelle internationale. Cette certification est reconnue par les entreprises et les clients et ouvre les portes des march\u00e9s mondiaux.<\/p>\n<\/div><\/div><!-- \/.sc_title --><\/div><\/div><\/div><div class=\"wpb_column vc_column_container vc_col-sm-6 sc_layouts_column_icons_position_left\"><div class=\"vc_column-inner\"><div class=\"wpb_wrapper\">\n\t<div  class=\"wpb_single_image wpb_content_element vc_align_left wpb_content_element\">\n\t\t\n\t\t<figure class=\"wpb_wrapper vc_figure\">\n\t\t\t<div class=\"vc_single_image-wrapper   vc_box_border_grey\"><img decoding=\"async\" class=\"vc_single_image-img\" src=\"https:\/\/jekal.site\/wp-content\/uploads\/2024\/12\/Choose.gif\" width=\"500\" height=\"500\" alt=\"Choose\" title=\"Choose\" loading=\"lazy\" \/><\/div>\n\t\t<\/figure>\n\t<\/div>\n<\/div><\/div><\/div><\/div><div data-vc-full-width=\"true\" data-vc-full-width-init=\"false\" class=\"vc_row wpb_row vc_row-fluid wpb_animate_when_almost_visible wpb_bottom-to-top bottom-to-top vc_custom_1734535957318 vc_row-has-fill\"><div class=\"wpb_column vc_column_container vc_col-sm-12 sc_layouts_column_icons_position_left\"><div class=\"vc_column-inner\"><div class=\"wpb_wrapper\"><div id=\"sc_title_36817372\"\n\t\tclass=\"sc_title color_style_default sc_title_default  vc_custom_1734527858631\"><h6 class=\"sc_item_subtitle sc_title_subtitle sc_align_left sc_item_title_style_default\"><b>03.<\/b> Avantages de la certification<\/h6><h2 class=\"sc_item_title sc_title_title sc_align_left sc_item_title_style_default\">Avantages d'IQNET<\/h2><\/div><!-- \/.sc_title --><div id=\"sc_icons_388797157\" \n\tclass=\"sc_icons sc_icons_modern sc_icons_size_medium sc_align_center\"><div class=\"sc_icons_columns_wrap sc_item_columns trx_addons_columns_wrap columns_padding_bottom\"><div class=\"trx_addons_column-1_4\"><div class=\"sc_icons_item\"><div id=\"sc_icons_388797157_icon-icon-1\" class=\"sc_icons_icon sc_icon_type_ icon-icon-1\"\n\t\t\t\t\t\t\t\t\t\t\t\t><span class=\"sc_icon_type_ icon-icon-1\"><\/span><\/div><h4 class=\"sc_icons_item_title\"><span>Reconnaissance mondiale<\/span><\/h4><div class=\"sc_icons_item_description\"><span>Acc\u00e9dez \u00e0 de nouvelles <\/span><span><\/span><span>march\u00e9s internationaux.<\/span><span><\/span><\/div><\/div><\/div><div class=\"trx_addons_column-1_4\"><div class=\"sc_icons_item\"><div id=\"sc_icons_388797157_icon-icon-2\" class=\"sc_icons_icon sc_icon_type_ icon-icon-2\"\n\t\t\t\t\t\t\t\t\t\t\t\t><span class=\"sc_icon_type_ icon-icon-2\"><\/span><\/div><h4 class=\"sc_icons_item_title\"><span>Confiance des clients<\/span><\/h4><div class=\"sc_icons_item_description\"><span>Am\u00e9liorer la confiance<\/span><span><\/span><span> avec les clients et les parties prenantes.<\/span><\/div><\/div><\/div><div class=\"trx_addons_column-1_4\"><div class=\"sc_icons_item\"><div id=\"sc_icons_388797157_icon-icon-3\" class=\"sc_icons_icon sc_icon_type_ icon-icon-3\"\n\t\t\t\t\t\t\t\t\t\t\t\t><span class=\"sc_icon_type_ icon-icon-3\"><\/span><\/div><h4 class=\"sc_icons_item_title\"><span>Excellence op\u00e9rationnelle<\/span><\/h4><div class=\"sc_icons_item_description\"><span>Rationaliser les processus<\/span><span><\/span><span> et am\u00e9liorer le contr\u00f4le qualit\u00e9.<\/span><span><\/span><\/div><\/div><\/div><div class=\"trx_addons_column-1_4\"><div class=\"sc_icons_item\"><div id=\"sc_icons_388797157_icon-icon-4\" class=\"sc_icons_icon sc_icon_type_ icon-icon-4\"\n\t\t\t\t\t\t\t\t\t\t\t\t><span class=\"sc_icon_type_ icon-icon-4\"><\/span><\/div><h4 class=\"sc_icons_item_title\"><span>Am\u00e9lioration continue<\/span><\/h4><div class=\"sc_icons_item_description\"><span>D\u00e9montrer une vision \u00e0 long terme<\/span><span><\/span><span> engagement envers la qualit\u00e9.<\/span><span><\/span><\/div><\/div><\/div><\/div><\/div><!-- \/.sc_icons --><\/div><\/div><\/div><\/div><div class=\"vc_row-full-width vc_clearfix\"><\/div><div class=\"vc_row wpb_row vc_row-fluid wpb_animate_when_almost_visible wpb_appear appear vc_row-o-equal-height vc_row-o-content-middle vc_row-flex\"><div class=\"wpb_column vc_column_container vc_col-sm-6 sc_layouts_column_icons_position_left\"><div class=\"vc_column-inner vc_custom_1523450095704\"><div class=\"wpb_wrapper\">\n\t<div class=\"wpb_text_column wpb_content_element\" >\n\t\t<div class=\"wpb_wrapper\">\n\t\t\t<div class=\"cus-cont\">\n<p><span class=\"trx_addons_dropcap trx_addons_dropcap_style_1\">R<\/span><\/p>\n<h3><strong>Am\u00e9lioration continue<\/strong><\/h3>\n<\/div>\n<p>R\u00e9aliser <strong>IQNET<\/strong> La certification n\u2019est qu\u2019un d\u00e9but. Pour conserver leur certification, les entreprises sont encourag\u00e9es \u00e0 s\u2019engager dans des am\u00e9liorations continues et des audits p\u00e9riodiques pour garantir une conformit\u00e9 continue aux normes mondiales.<\/p>\n\n\t\t<\/div>\n\t<\/div>\n<\/div><\/div><\/div><div class=\"wpb_column vc_column_container vc_col-sm-6 sc_layouts_column_icons_position_left\"><div class=\"vc_column-inner vc_custom_1523450091562\"><div class=\"wpb_wrapper\">\n\t<div class=\"wpb_text_column wpb_content_element\" >\n\t\t<div class=\"wpb_wrapper\">\n\t\t\t<div class=\"cus-cont\">\n<p><span class=\"trx_addons_dropcap trx_addons_dropcap_style_1\">N<\/span><\/p>\n<h3><strong>Notre expertise<\/strong><\/h3>\n<\/div>\n<p><strong>IQNET<\/strong> poss\u00e8de des ann\u00e9es d'exp\u00e9rience dans le domaine de la certification, aidant les entreprises du monde entier \u00e0 am\u00e9liorer leurs normes de qualit\u00e9 et leur efficacit\u00e9 op\u00e9rationnelle. Nos certifications sont reconnues dans le monde entier, ce qui garantit la confiance des clients et des autorit\u00e9s r\u00e9glementaires.<\/p>\n\n\t\t<\/div>\n\t<\/div>\n<\/div><\/div><\/div><\/div><div class=\"vc_row wpb_row vc_row-fluid\"><div class=\"wpb_column vc_column_container vc_col-sm-12 sc_layouts_column_icons_position_left\"><div class=\"vc_column-inner\"><div class=\"wpb_wrapper\"><div class=\"vc_separator wpb_content_element vc_separator_align_center vc_sep_width_100 vc_sep_shadow vc_sep_pos_align_center vc_separator_no_text vc_sep_color_white vc_custom_1734535937036 wpb_content_element  vc_custom_1734535937036 wpb_content_element\" ><span class=\"vc_sep_holder vc_sep_holder_l\"><span class=\"vc_sep_line\"><\/span><\/span><span class=\"vc_sep_holder vc_sep_holder_r\"><span class=\"vc_sep_line\"><\/span><\/span>\n<\/div>\n\t<div  class=\"wpb_single_image wpb_content_element vc_align_center wpb_content_element\">\n\t\t\n\t\t<figure class=\"wpb_wrapper vc_figure\">\n\t\t\t<a href=\"https:\/\/jekal.site\/wp-content\/uploads\/2024\/12\/AENOR-Confia-1-1-724x1024.jpg\" target=\"_self\" class=\"vc_single_image-wrapper vc_box_shadow_3d  vc_box_border_grey\"><img loading=\"lazy\" decoding=\"async\" width=\"724\" height=\"1024\" src=\"https:\/\/jekal.site\/wp-content\/uploads\/2024\/12\/AENOR-Confia-1-1-724x1024.jpg\" class=\"vc_single_image-img attachment-large\" alt=\"\" title=\"AENOR Conf\u00eda (1)\" srcset=\"https:\/\/jekal.site\/wp-content\/uploads\/2024\/12\/AENOR-Confia-1-1-724x1024.jpg 724w, https:\/\/jekal.site\/wp-content\/uploads\/2024\/12\/AENOR-Confia-1-1-212x300.jpg 212w, https:\/\/jekal.site\/wp-content\/uploads\/2024\/12\/AENOR-Confia-1-1-768x1086.jpg 768w, https:\/\/jekal.site\/wp-content\/uploads\/2024\/12\/AENOR-Confia-1-1-1086x1536.jpg 1086w, https:\/\/jekal.site\/wp-content\/uploads\/2024\/12\/AENOR-Confia-1-1-8x12.jpg 8w, https:\/\/jekal.site\/wp-content\/uploads\/2024\/12\/AENOR-Confia-1-1-370x523.jpg 370w, https:\/\/jekal.site\/wp-content\/uploads\/2024\/12\/AENOR-Confia-1-1-840x1188.jpg 840w, https:\/\/jekal.site\/wp-content\/uploads\/2024\/12\/AENOR-Confia-1-1.jpg 1414w\" sizes=\"auto, (max-width: 724px) 100vw, 724px\" \/><\/a>\n\t\t<\/figure>\n\t<\/div>\n<\/div><\/div><\/div><\/div>\n<\/div>","protected":false},"excerpt":{"rendered":"01. OverviewIQNET Certification OverviewIQNET is an internationally recognized certification network dedicated to helping businesses meet global standards. Certification through IQNET demonstrates your commitment to quality and operational excellence, which is crucial for gaining credibility and expanding market access. 02. Why IQNET?Why Choose IQNET Certification?Choosing IQNET certification not only boosts your company's reputation but also helps you gain a competitive edge&hellip;","protected":false},"author":1,"featured_media":0,"parent":0,"menu_order":0,"comment_status":"closed","ping_status":"closed","template":"","meta":{"_bbp_topic_count":0,"_bbp_reply_count":0,"_bbp_total_topic_count":0,"_bbp_total_reply_count":0,"_bbp_voice_count":0,"_bbp_anonymous_reply_count":0,"_bbp_topic_count_hidden":0,"_bbp_reply_count_hidden":0,"_bbp_forum_subforum_count":0,"footnotes":""},"class_list":["post-1375","page","type-page","status-publish","hentry"],"yoast_head":"<!-- This site is optimized with the Yoast SEO Premium plugin v25.4 (Yoast SEO v25.4) - https:\/\/yoast.com\/wordpress\/plugins\/seo\/ -->\n<title>IQNET - Jekal<\/title>\n<meta name=\"robots\" content=\"index, follow, max-snippet:-1, max-image-preview:large, max-video-preview:-1\" \/>\n<link rel=\"canonical\" href=\"https:\/\/jekal.site\/fr\/iqnet\/\" \/>\n<meta property=\"og:locale\" content=\"fr_FR\" \/>\n<meta property=\"og:type\" content=\"article\" \/>\n<meta property=\"og:title\" content=\"IQNET\" \/>\n<meta property=\"og:url\" content=\"https:\/\/jekal.site\/fr\/iqnet\/\" \/>\n<meta property=\"og:site_name\" content=\"Jekal\" \/>\n<meta property=\"article:modified_time\" content=\"2025-02-26T12:03:41+00:00\" \/>\n<meta property=\"og:image\" content=\"https:\/\/jekal.site\/wp-content\/uploads\/2025\/07\/Screenshot-2025-07-24-223326.png\" \/>\n\t<meta property=\"og:image:width\" content=\"1918\" \/>\n\t<meta property=\"og:image:height\" content=\"1047\" \/>\n\t<meta property=\"og:image:type\" content=\"image\/png\" \/>\n<meta name=\"twitter:card\" content=\"summary_large_image\" \/>\n<meta name=\"twitter:label1\" content=\"Dur\u00e9e de lecture estim\u00e9e\" \/>\n\t<meta name=\"twitter:data1\" content=\"3 minutes\" \/>\n<script type=\"application\/ld+json\" class=\"yoast-schema-graph\">{\"@context\":\"https:\/\/schema.org\",\"@graph\":[{\"@type\":\"WebPage\",\"@id\":\"https:\/\/jekal.site\/iqnet\/\",\"url\":\"https:\/\/jekal.site\/iqnet\/\",\"name\":\"IQNET - Jekal\",\"isPartOf\":{\"@id\":\"https:\/\/jekal.site\/#website\"},\"datePublished\":\"2024-12-03T16:51:02+00:00\",\"dateModified\":\"2025-02-26T12:03:41+00:00\",\"breadcrumb\":{\"@id\":\"https:\/\/jekal.site\/iqnet\/#breadcrumb\"},\"inLanguage\":\"fr-FR\",\"potentialAction\":[{\"@type\":\"ReadAction\",\"target\":[\"https:\/\/jekal.site\/iqnet\/\"]}]},{\"@type\":\"BreadcrumbList\",\"@id\":\"https:\/\/jekal.site\/iqnet\/#breadcrumb\",\"itemListElement\":[{\"@type\":\"ListItem\",\"position\":1,\"name\":\"Home\",\"item\":\"https:\/\/jekal.site\/\"},{\"@type\":\"ListItem\",\"position\":2,\"name\":\"IQNET\"}]},{\"@type\":\"WebSite\",\"@id\":\"https:\/\/jekal.site\/#website\",\"url\":\"https:\/\/jekal.site\/\",\"name\":\"Jekal\",\"description\":\"Exchange Agency\",\"publisher\":{\"@id\":\"https:\/\/jekal.site\/#organization\"},\"potentialAction\":[{\"@type\":\"SearchAction\",\"target\":{\"@type\":\"EntryPoint\",\"urlTemplate\":\"https:\/\/jekal.site\/?s={search_term_string}\"},\"query-input\":{\"@type\":\"PropertyValueSpecification\",\"valueRequired\":true,\"valueName\":\"search_term_string\"}}],\"inLanguage\":\"fr-FR\"},{\"@type\":\"Organization\",\"@id\":\"https:\/\/jekal.site\/#organization\",\"name\":\"JEKAL | BUREAU DE CHANGE\",\"url\":\"https:\/\/jekal.site\/\",\"logo\":{\"@type\":\"ImageObject\",\"inLanguage\":\"fr-FR\",\"@id\":\"https:\/\/jekal.site\/#\/schema\/logo\/image\/\",\"url\":\"https:\/\/jekal.site\/wp-content\/uploads\/2024\/10\/cropped-cropped-JEKAL-4-w.png\",\"contentUrl\":\"https:\/\/jekal.site\/wp-content\/uploads\/2024\/10\/cropped-cropped-JEKAL-4-w.png\",\"width\":500,\"height\":154,\"caption\":\"JEKAL | BUREAU DE CHANGE\"},\"image\":{\"@id\":\"https:\/\/jekal.site\/#\/schema\/logo\/image\/\"},\"description\":\"JEKAL SARL \u2013 Your Trusted Partner in Currency Exchange Since 1998, JEKAL SARL has been providing fast, secure, and transparent currency exchange services. With over 10,000 transactions annually, we have established ourselves as a trusted reference in Morocco, offering competitive exchange rates and a personalized approach to our clients.\",\"email\":\"info@jekal.site\",\"telephone\":\"+212 539-910 077\",\"legalName\":\"JEKAL | BUREAU DE CHANGE\",\"foundingDate\":\"1999-07-04\",\"numberOfEmployees\":{\"@type\":\"QuantitativeValue\",\"minValue\":\"1\",\"maxValue\":\"10\"},\"publishingPrinciples\":\"https:\/\/jekal.site\/privacy-policy\/\",\"ownershipFundingInfo\":\"https:\/\/jekal.site\/\"}]}<\/script>\n<!-- \/ Yoast SEO Premium plugin. -->","yoast_head_json":{"title":"IQNET - Jekal","robots":{"index":"index","follow":"follow","max-snippet":"max-snippet:-1","max-image-preview":"max-image-preview:large","max-video-preview":"max-video-preview:-1"},"canonical":"https:\/\/jekal.site\/fr\/iqnet\/","og_locale":"fr_FR","og_type":"article","og_title":"IQNET","og_url":"https:\/\/jekal.site\/fr\/iqnet\/","og_site_name":"Jekal","article_modified_time":"2025-02-26T12:03:41+00:00","og_image":[{"width":1918,"height":1047,"url":"https:\/\/jekal.site\/wp-content\/uploads\/2025\/07\/Screenshot-2025-07-24-223326.png","type":"image\/png"}],"twitter_card":"summary_large_image","twitter_misc":{"Dur\u00e9e de lecture estim\u00e9e":"3 minutes"},"schema":{"@context":"https:\/\/schema.org","@graph":[{"@type":"WebPage","@id":"https:\/\/jekal.site\/iqnet\/","url":"https:\/\/jekal.site\/iqnet\/","name":"IQNET - Jekal","isPartOf":{"@id":"https:\/\/jekal.site\/#website"},"datePublished":"2024-12-03T16:51:02+00:00","dateModified":"2025-02-26T12:03:41+00:00","breadcrumb":{"@id":"https:\/\/jekal.site\/iqnet\/#breadcrumb"},"inLanguage":"fr-FR","potentialAction":[{"@type":"ReadAction","target":["https:\/\/jekal.site\/iqnet\/"]}]},{"@type":"BreadcrumbList","@id":"https:\/\/jekal.site\/iqnet\/#breadcrumb","itemListElement":[{"@type":"ListItem","position":1,"name":"Home","item":"https:\/\/jekal.site\/"},{"@type":"ListItem","position":2,"name":"IQNET"}]},{"@type":"WebSite","@id":"https:\/\/jekal.site\/#website","url":"https:\/\/jekal.site\/","name":"Jekal","description":"Agence de change","publisher":{"@id":"https:\/\/jekal.site\/#organization"},"potentialAction":[{"@type":"SearchAction","target":{"@type":"EntryPoint","urlTemplate":"https:\/\/jekal.site\/?s={search_term_string}"},"query-input":{"@type":"PropertyValueSpecification","valueRequired":true,"valueName":"search_term_string"}}],"inLanguage":"fr-FR"},{"@type":"Organization","@id":"https:\/\/jekal.site\/#organization","name":"JEKAL | BUREAU DE CHANGE","url":"https:\/\/jekal.site\/","logo":{"@type":"ImageObject","inLanguage":"fr-FR","@id":"https:\/\/jekal.site\/#\/schema\/logo\/image\/","url":"https:\/\/jekal.site\/wp-content\/uploads\/2024\/10\/cropped-cropped-JEKAL-4-w.png","contentUrl":"https:\/\/jekal.site\/wp-content\/uploads\/2024\/10\/cropped-cropped-JEKAL-4-w.png","width":500,"height":154,"caption":"JEKAL | BUREAU DE CHANGE"},"image":{"@id":"https:\/\/jekal.site\/#\/schema\/logo\/image\/"},"description":"JEKAL SARL \u2013 Your Trusted Partner in Currency Exchange Since 1998, JEKAL SARL has been providing fast, secure, and transparent currency exchange services. With over 10,000 transactions annually, we have established ourselves as a trusted reference in Morocco, offering competitive exchange rates and a personalized approach to our clients.","email":"info@jekal.site","telephone":"+212 539-910 077","legalName":"JEKAL | BUREAU DE CHANGE","foundingDate":"1999-07-04","numberOfEmployees":{"@type":"QuantitativeValue","minValue":"1","maxValue":"10"},"publishingPrinciples":"https:\/\/jekal.site\/privacy-policy\/","ownershipFundingInfo":"https:\/\/jekal.site\/"}]}},"brizy_media":[],"_links":{"self":[{"href":"https:\/\/jekal.site\/fr\/wp-json\/wp\/v2\/pages\/1375","targetHints":{"allow":["GET"]}}],"collection":[{"href":"https:\/\/jekal.site\/fr\/wp-json\/wp\/v2\/pages"}],"about":[{"href":"https:\/\/jekal.site\/fr\/wp-json\/wp\/v2\/types\/page"}],"author":[{"embeddable":true,"href":"https:\/\/jekal.site\/fr\/wp-json\/wp\/v2\/users\/1"}],"replies":[{"embeddable":true,"href":"https:\/\/jekal.site\/fr\/wp-json\/wp\/v2\/comments?post=1375"}],"version-history":[{"count":5,"href":"https:\/\/jekal.site\/fr\/wp-json\/wp\/v2\/pages\/1375\/revisions"}],"predecessor-version":[{"id":1469,"href":"https:\/\/jekal.site\/fr\/wp-json\/wp\/v2\/pages\/1375\/revisions\/1469"}],"wp:attachment":[{"href":"https:\/\/jekal.site\/fr\/wp-json\/wp\/v2\/media?parent=1375"}],"curies":[{"name":"wp","href":"https:\/\/api.w.org\/{rel}","templated":true}]}}