{"id":96,"date":"2018-01-31T14:56:17","date_gmt":"2018-01-31T14:56:17","guid":{"rendered":"https:\/\/jekal.site\/?page_id=96"},"modified":"2025-07-25T04:46:48","modified_gmt":"2025-07-25T03:46:48","slug":"about","status":"publish","type":"page","link":"https:\/\/jekal.site\/es\/about\/","title":{"rendered":"\u00bfQui\u00e9nes somos?"},"content":{"rendered":"<div class=\"wpb-content-wrapper\"><div class=\"vc_row wpb_row vc_row-fluid\"><div class=\"wpb_column vc_column_container vc_col-sm-6 sc_layouts_column_icons_position_left\"><div class=\"vc_column-inner\"><div class=\"wpb_wrapper\"><div id=\"sc_title_705957340\"\n\t\tclass=\"sc_title color_style_default sc_title_default  vc_custom_1738602189309\"><h6 class=\"sc_item_subtitle sc_title_subtitle sc_align_left sc_item_title_style_default\"><b>01.<\/b> overview<\/h6><h2 class=\"sc_item_title sc_title_title sc_align_left sc_item_title_style_default\">\u00bfQu\u00e9 es JEKAL?<\/h2><div class=\"sc_item_descr sc_title_descr sc_align_left\"><p>JEKAL SARL \u2013 Su socio de confianza en el cambio de divisas<br \/>\nDesde 1998, JEKAL SARL ofrece servicios de cambio de divisas r\u00e1pidos, seguros y transparentes. Con m\u00e1s de 10.000 transacciones anuales, nos hemos consolidado como una referencia de confianza en Marruecos, ofreciendo tipos de cambio competitivos y un trato personalizado.<\/p>\n<\/div><\/div><!-- \/.sc_title --><\/div><\/div><\/div><div class=\"wpb_column vc_column_container vc_col-sm-6 sc_layouts_column_icons_position_left\"><div class=\"vc_column-inner\"><div class=\"wpb_wrapper\"><div id=\"widget_video_625822626\" class=\"widget_area sc_widget_video vc_widget_video wpb_content_element\"><aside id=\"widget_video_625822626_widget\" class=\"widget widget_video\"><div id=\"sc_video_1030828800\" class=\"trx_addons_video_player with_cover hover_play\"><img loading=\"lazy\" decoding=\"async\" src=\"https:\/\/jekal.site\/wp-content\/uploads\/2018\/02\/bg-8-copyright.jpg\" alt=\"\" width=\"634\" height=\"430\"><div class=\"video_mask\"><\/div><div class=\"video_hover\" data-video=\"&lt;iframe src=&quot;https:\/\/player.vimeo.com\/video\/118330684?autoplay=1&quot; width=&quot;1200&quot; height=&quot;675&quot;&gt;&lt;\/iframe&gt;\"><\/div><div class=\"video_embed video_frame\"><\/div><\/div><\/aside><\/div><\/div><\/div><\/div><\/div><div data-vc-full-width=\"true\" data-vc-full-width-init=\"false\" class=\"vc_row wpb_row vc_row-fluid vc_custom_1523612423964 vc_row-has-fill\"><div class=\"wpb_column vc_column_container vc_col-sm-12 sc_layouts_column_icons_position_left\"><div class=\"vc_column-inner\"><div class=\"wpb_wrapper\"><div id=\"sc_services_24050849\" class=\"sc_services color_style_default sc_services_light sc_services_featured_top\"><h6 class=\"sc_item_subtitle sc_services_subtitle sc_align_center sc_item_title_style_default\"><b>02.<\/b> detalles<\/h6><h2 class=\"sc_item_title sc_services_title sc_align_center sc_item_title_style_default\">Especificaciones de JEKAL<\/h2><div class=\"sc_services_columns_wrap sc_item_columns sc_item_columns_3 trx_addons_columns_wrap columns_padding_bottom\"><div class=\"trx_addons_column-1_3\"><div class=\"sc_services_item no_links with_content with_icon sc_services_item_featured_top post-214 cpt_services type-cpt_services status-publish has-post-thumbnail hentry cpt_services_group-lymcoin-specifics\">\n\t<a href=\"https:\/\/jekal.site\/es\/services\/currency-exchange\/\" id=\"sc_services_24050849_icon-09-transaction_1\"\n\t\t\t\t class=\"sc_services_item_icon icon-09-transaction\"><\/a>\t\n\t<div class=\"sc_services_item_info\">\n\t\t<div class=\"sc_services_item_header\">\t\t\t<h4 class=\"sc_services_item_title\"><a href=\"https:\/\/jekal.site\/es\/services\/currency-exchange\/\">Cambio De Divisas<\/a><\/h4><\/div><div class=\"sc_services_item_content\"><p>Ofrecemos tipos de cambio competitivos para una amplia variedad de monedas, incluidas las principales como el d\u00f3lar estadounidense, el euro, la libra esterlina y muchas otras.<\/p>\n<\/div><div class=\"sc_services_item_button sc_item_button\"><a href=\"https:\/\/jekal.site\/es\/services\/currency-exchange\/\" class=\"sc_button sc_button_default sc_button_size_small\">Learn more<\/a><\/div><\/div>\n<\/div><\/div><div class=\"trx_addons_column-1_3\"><div class=\"sc_services_item no_links with_content with_icon sc_services_item_featured_top post-212 cpt_services type-cpt_services status-publish hentry cpt_services_group-lymcoin-specifics\">\n\t<a href=\"https:\/\/jekal.site\/es\/services\/dotation\/\" id=\"sc_services_24050849_icon-globe-light_2\"\n\t\t\t\t class=\"sc_services_item_icon icon-globe-light\"><\/a>\t\n\t<div class=\"sc_services_item_info\">\n\t\t<div class=\"sc_services_item_header\">\t\t\t<h4 class=\"sc_services_item_title\"><a href=\"https:\/\/jekal.site\/es\/services\/dotation\/\">\u00bfEst\u00e1s planeando un viaje al extranjero?<\/a><\/h4><\/div><div class=\"sc_services_item_content\"><p>JEKAL hace que acceder a su asignaci\u00f3n de dotaci\u00f3n sea simple y conveniente.<\/p>\n<\/div><div class=\"sc_services_item_button sc_item_button\"><a href=\"https:\/\/jekal.site\/es\/services\/dotation\/\" class=\"sc_button sc_button_default sc_button_size_small\">Learn more<\/a><\/div><\/div>\n<\/div><\/div><div class=\"trx_addons_column-1_3\"><div class=\"sc_services_item no_links with_content with_icon sc_services_item_featured_top post-213 cpt_services type-cpt_services status-publish has-post-thumbnail hentry cpt_services_group-lymcoin-specifics\">\n\t<a href=\"https:\/\/jekal.site\/es\/services\/secure-transactions\/\" id=\"sc_services_24050849_icon-10-safety_3\"\n\t\t\t\t class=\"sc_services_item_icon icon-10-safety\"><\/a>\t\n\t<div class=\"sc_services_item_info\">\n\t\t<div class=\"sc_services_item_header\">\t\t\t<h4 class=\"sc_services_item_title\"><a href=\"https:\/\/jekal.site\/es\/services\/secure-transactions\/\">Transacciones Seguras<\/a><\/h4><\/div><div class=\"sc_services_item_content\"><p>Su seguridad es nuestra prioridad. Utilizamos las medidas de seguridad m\u00e1s avanzadas para proteger sus transacciones e informaci\u00f3n personal.<\/p>\n<\/div><div class=\"sc_services_item_button sc_item_button\"><a href=\"https:\/\/jekal.site\/es\/services\/secure-transactions\/\" class=\"sc_button sc_button_default sc_button_size_small\">Learn more<\/a><\/div><\/div>\n<\/div><\/div><\/div><\/div><!-- \/.sc_services --><\/div><\/div><\/div><\/div><div class=\"vc_row-full-width vc_clearfix\"><\/div><div class=\"vc_row wpb_row vc_row-fluid vc_custom_1738602689364 vc_row-o-content-middle vc_row-flex\"><div class=\"wpb_column vc_column_container vc_col-sm-6 sc_layouts_column_icons_position_left\"><div class=\"vc_column-inner\"><div class=\"wpb_wrapper\">\n\t<div  class=\"wpb_single_image wpb_content_element vc_align_center wpb_content_element\">\n\t\t\n\t\t<figure class=\"wpb_wrapper vc_figure\">\n\t\t\t<div class=\"vc_single_image-wrapper   vc_box_border_grey\"><img loading=\"lazy\" decoding=\"async\" width=\"500\" height=\"500\" src=\"https:\/\/jekal.site\/wp-content\/uploads\/2025\/02\/Business-mission.gif\" class=\"vc_single_image-img attachment-large\" alt=\"\" title=\"Business mission\" \/><\/div>\n\t\t<\/figure>\n\t<\/div>\n<\/div><\/div><\/div><div class=\"wpb_column vc_column_container vc_col-sm-6 sc_layouts_column_icons_position_left\"><div class=\"vc_column-inner\"><div class=\"wpb_wrapper\"><div id=\"sc_title_1540569140\"\n\t\tclass=\"sc_title color_style_default sc_title_default  vc_custom_1738602568729\"><h6 class=\"sc_item_subtitle sc_title_subtitle sc_align_left sc_item_title_style_default\"><b>02.<\/b> Misi\u00f3n<\/h6><h2 class=\"sc_item_title sc_title_title sc_align_left sc_item_title_style_default\">Nuestra misi\u00f3n<\/h2><div class=\"sc_item_descr sc_title_descr sc_align_left\"><p>Facilitar el cambio de divisas con seguridad, transparencia y eficiencia, garantizando las mejores condiciones y un servicio personalizado que se ajuste a las necesidades de nuestros clientes.<\/p>\n<\/div><\/div><!-- \/.sc_title --><\/div><\/div><\/div><\/div><div class=\"vc_row wpb_row vc_row-fluid vc_row-o-content-middle vc_row-flex\"><div class=\"wpb_column vc_column_container vc_col-sm-6 sc_layouts_column_icons_position_left\"><div class=\"vc_column-inner\"><div class=\"wpb_wrapper\"><div id=\"sc_title_1137435722\"\n\t\tclass=\"sc_title color_style_default sc_title_default  vc_custom_1738602715765\"><h6 class=\"sc_item_subtitle sc_title_subtitle sc_align_left sc_item_title_style_default\"><b>02.<\/b> Visi\u00f3n<\/h6><h2 class=\"sc_item_title sc_title_title sc_align_left sc_item_title_style_default\"> Nuestra visi\u00f3n<\/h2><div class=\"sc_item_descr sc_title_descr sc_align_left\"><p>Convertirnos en la empresa l\u00edder en cambio de divisas en Marruecos, reconocida por nuestra confiabilidad, innovaci\u00f3n y compromiso con la excelencia en el servicio.<\/p>\n<\/div><\/div><!-- \/.sc_title --><\/div><\/div><\/div><div class=\"wpb_column vc_column_container vc_col-sm-6 sc_layouts_column_icons_position_left\"><div class=\"vc_column-inner\"><div class=\"wpb_wrapper\">\n\t<div  class=\"wpb_single_image wpb_content_element vc_align_center wpb_content_element\">\n\t\t\n\t\t<figure class=\"wpb_wrapper vc_figure\">\n\t\t\t<div class=\"vc_single_image-wrapper   vc_box_border_grey\"><img loading=\"lazy\" decoding=\"async\" width=\"500\" height=\"500\" src=\"https:\/\/jekal.site\/wp-content\/uploads\/2025\/02\/Finding-brilliant-ideas.gif\" class=\"vc_single_image-img attachment-large\" alt=\"\" title=\"Finding brilliant ideas\" \/><\/div>\n\t\t<\/figure>\n\t<\/div>\n<\/div><\/div><\/div><\/div><div class=\"vc_row wpb_row vc_row-fluid vc_custom_1522159520917\"><div class=\"wpb_column vc_column_container vc_col-sm-12 sc_layouts_column_icons_position_left\"><div class=\"vc_column-inner\"><div class=\"wpb_wrapper\"><div id=\"sc_title_1804739844\"\n\t\tclass=\"sc_title color_style_default sc_title_default  vc_custom_1729659451312\"><h6 class=\"sc_item_subtitle sc_title_subtitle sc_align_center sc_item_title_style_default\"><b>04.<\/b> caracter\u00edsticas<\/h6><h2 class=\"sc_item_title sc_title_title sc_align_center sc_item_title_style_default\">\u00bfPor qu\u00e9 utilizar JEKAL?<\/h2><\/div><!-- \/.sc_title --><div class=\"vc_row wpb_row vc_inner vc_row-fluid\"><div class=\"wpb_column vc_column_container vc_col-sm-4 sc_layouts_column_icons_position_left\"><div class=\"vc_column-inner vc_custom_1522159182275\"><div class=\"wpb_wrapper\"><div id=\"sc_services_1173908046\" class=\"sc_services color_style_default sc_services_light sc_services_featured_left\"><div class=\"sc_services_content sc_item_content sc_item_columns_1\"><div class=\"sc_services_item no_links with_content with_icon sc_services_item_featured_left post-216 cpt_services type-cpt_services status-publish has-post-thumbnail hentry cpt_services_group-features\">\n\t<span id=\"sc_services_1173908046_icon-13-privacy_1\"\n\t\t\t\t class=\"sc_services_item_icon icon-13-privacy\"><\/span>\t\n\t<div class=\"sc_services_item_info\">\n\t\t<div class=\"sc_services_item_header\">\t\t\t<h5 class=\"sc_services_item_title\">Tipos De Cambio Competitivos<\/h5><\/div><div class=\"sc_services_item_content\"><p>Ofrecemos el tipo de cambio m\u00e1s competitivo del mercado. Actualizamos nuestros tipos de cambio peri\u00f3dicamente para garantizarle la mejor relaci\u00f3n calidad-precio.<\/p>\n<\/div><\/div>\n<\/div><div class=\"sc_services_item no_links with_content with_icon sc_services_item_featured_left post-217 cpt_services type-cpt_services status-publish has-post-thumbnail hentry cpt_services_group-features\">\n\t<span id=\"sc_services_1173908046_icon-14-team_2\"\n\t\t\t\t class=\"sc_services_item_icon icon-14-team\"><\/span>\t\n\t<div class=\"sc_services_item_info\">\n\t\t<div class=\"sc_services_item_header\">\t\t\t<h5 class=\"sc_services_item_title\">Servicio R\u00e1pido Y Eficiente<\/h5><\/div><div class=\"sc_services_item_content\"><p>Entendemos que su tiempo es valioso. Nuestros procesos optimizados y personal experimentado garantizan un servicio de cambio de divisas r\u00e1pido y eficiente, para que pueda obtener lo que necesita r\u00e1pidamente.<\/p>\n<\/div><\/div>\n<\/div><div class=\"sc_services_item no_links with_content with_icon sc_services_item_featured_left post-218 cpt_services type-cpt_services status-publish has-post-thumbnail hentry cpt_services_group-features\">\n\t<span id=\"sc_services_1173908046_icon-15-support_3\"\n\t\t\t\t class=\"sc_services_item_icon icon-15-support\"><\/span>\t\n\t<div class=\"sc_services_item_info\">\n\t\t<div class=\"sc_services_item_header\">\t\t\t<h5 class=\"sc_services_item_title\">Transacciones Seguras<\/h5><\/div><div class=\"sc_services_item_content\"><p>Su seguridad es nuestra prioridad. Utilizamos las medidas de seguridad m\u00e1s avanzadas para proteger sus transacciones e informaci\u00f3n personal.<\/p>\n<\/div><\/div>\n<\/div><\/div><\/div><!-- \/.sc_services --><\/div><\/div><\/div><div class=\"wpb_column vc_column_container vc_col-sm-4 sc_layouts_column_icons_position_left\"><div class=\"vc_column-inner vc_custom_1522159186577\"><div class=\"wpb_wrapper\">\n\t<div  class=\"wpb_single_image wpb_content_element vc_align_left wpb_content_element\">\n\t\t\n\t\t<figure class=\"wpb_wrapper vc_figure\">\n\t\t\t<div class=\"vc_single_image-wrapper   vc_box_border_grey\"><img decoding=\"async\" class=\"vc_single_image-img\" src=\"https:\/\/jekal.site\/wp-content\/uploads\/2018\/02\/6-copyright-405x588.png\" width=\"405\" height=\"588\" alt=\"6-copyright\" title=\"6-copyright\" loading=\"lazy\" \/><\/div>\n\t\t<\/figure>\n\t<\/div>\n<\/div><\/div><\/div><div class=\"wpb_column vc_column_container vc_col-sm-4 sc_layouts_column_icons_position_left\"><div class=\"vc_column-inner vc_custom_1522159190794\"><div class=\"wpb_wrapper\"><div id=\"sc_services_1316898695\" class=\"sc_services color_style_default sc_services_light sc_services_featured_right\"><div class=\"sc_services_content sc_item_content sc_item_columns_1\"><div class=\"sc_services_item no_links with_content with_icon sc_services_item_featured_right post-219 cpt_services type-cpt_services status-publish has-post-thumbnail hentry cpt_services_group-our-features\">\n\t<span id=\"sc_services_1316898695_icon-16-adopt_1\"\n\t\t\t\t class=\"sc_services_item_icon icon-16-adopt\"><\/span>\t\n\t<div class=\"sc_services_item_info\">\n\t\t<div class=\"sc_services_item_header\">\t\t\t<h5 class=\"sc_services_item_title\">Amplia Gama De Divisas<\/h5><\/div><div class=\"sc_services_item_content\"><p>Disponemos de una amplia variedad de divisas, para satisfacer sus diversas necesidades.<\/p>\n<\/div><\/div>\n<\/div><div class=\"sc_services_item no_links with_content with_icon sc_services_item_featured_right post-220 cpt_services type-cpt_services status-publish has-post-thumbnail hentry cpt_services_group-our-features\">\n\t<span id=\"sc_services_1316898695_icon-17-fast_2\"\n\t\t\t\t class=\"sc_services_item_icon icon-17-fast\"><\/span>\t\n\t<div class=\"sc_services_item_info\">\n\t\t<div class=\"sc_services_item_header\">\t\t\t<h5 class=\"sc_services_item_title\">Ubicaciones Convenientes<\/h5><\/div><div class=\"sc_services_item_content\"><p>Visite nuestra agencia convenientemente ubicada en Larache, Marruecos. \u00a1Estamos aqu\u00ed para servirle!<\/p>\n<\/div><\/div>\n<\/div><div class=\"sc_services_item no_links with_content with_icon sc_services_item_featured_right post-221 cpt_services type-cpt_services status-publish has-post-thumbnail hentry cpt_services_group-our-features\">\n\t<span id=\"sc_services_1316898695_icon-18-open_3\"\n\t\t\t\t class=\"sc_services_item_icon icon-18-open\"><\/span>\t\n\t<div class=\"sc_services_item_info\">\n\t\t<div class=\"sc_services_item_header\">\t\t\t<h5 class=\"sc_services_item_title\">Nosotros hablamos tu idioma<\/h5><\/div><div class=\"sc_services_item_content\"><p>Nuestro equipo multiling\u00fce est\u00e1 aqu\u00ed para ayudarle en su idioma preferido, haciendo que cada cambio de moneda sea sencillo, fluido y personalizado.<\/p>\n<\/div><\/div>\n<\/div><\/div><\/div><!-- \/.sc_services --><\/div><\/div><\/div><\/div><\/div><\/div><\/div><\/div><div class=\"vc_row wpb_row vc_row-fluid cs-style-block-about vc_custom_1522162203234 vc_row-has-fill\"><div class=\"wpb_column vc_column_container vc_col-sm-12 sc_layouts_column_icons_position_left\"><div class=\"vc_column-inner\"><div class=\"wpb_wrapper\"><div id=\"sc_title_2084461286\"\n\t\tclass=\"sc_title color_style_default sc_title_default\"><h6 class=\"sc_item_subtitle sc_title_subtitle sc_align_center sc_item_title_style_default\"><b>05.<\/b> Nuestro negocio<\/h6><h2 class=\"sc_item_title sc_title_title sc_align_center sc_item_title_style_default\">La clienta en el coraz\u00f3n de nuestro negocio<\/h2><div class=\"sc_item_descr sc_title_descr sc_align_center\"><p>En JEKAL, nuestros clientes son nuestra m\u00e1xima prioridad. Trabajamos a diario para brindar un servicio r\u00e1pido y seguro con tipos de cambio justos y sin comisiones ocultas. Nuestra experiencia y dedicaci\u00f3n nos permiten forjar relaciones duraderas basadas en la confianza y la transparencia.<\/p>\n<\/div><\/div><!-- \/.sc_title --><\/div><\/div><\/div><\/div><div class=\"vc_row wpb_row vc_row-fluid\"><div class=\"wpb_column vc_column_container vc_col-sm-12 sc_layouts_column_icons_position_left\"><div class=\"vc_column-inner\"><div class=\"wpb_wrapper\">\n\t<div class=\"wpb_text_column wpb_content_element\" >\n\t\t<div class=\"wpb_wrapper\">\n\t\t\t<div class=\"brz-root__container\"><\/div>\n\n\t\t<\/div>\n\t<\/div>\n<\/div><\/div><\/div><\/div>\n<\/div>","protected":false},"excerpt":{"rendered":"Lorem ipsum dolor sit amet, ea pri meis accusam. Et vis accusam rationibus liberavisse, an vix viderer admodum. Atqui docendi omittam ei has, liber constituam id vim. Eam in dico doming definiebas. Cum munere impetus et. Ne nam simul oblique alterum, pri solet omnium id, usu an munere. I must explain to you how all this mistaken Ne fugit essent&hellip;","protected":false},"author":1,"featured_media":0,"parent":0,"menu_order":0,"comment_status":"closed","ping_status":"closed","template":"","meta":{"_bbp_topic_count":0,"_bbp_reply_count":0,"_bbp_total_topic_count":0,"_bbp_total_reply_count":0,"_bbp_voice_count":0,"_bbp_anonymous_reply_count":0,"_bbp_topic_count_hidden":0,"_bbp_reply_count_hidden":0,"_bbp_forum_subforum_count":0,"footnotes":""},"class_list":["post-96","page","type-page","status-publish","hentry"],"yoast_head":"<!-- This site is optimized with the Yoast SEO Premium plugin v25.4 (Yoast SEO v25.4) - https:\/\/yoast.com\/wordpress\/plugins\/seo\/ -->\n<title>Money Insights: Understanding Currency Exchange - Jekal<\/title>\n<meta name=\"description\" content=\"Find out how JEKAL SARL has secured its place in the currency exchange industry, facilitating over 10,000 money transactions annually.\" \/>\n<meta name=\"robots\" content=\"index, follow, max-snippet:-1, max-image-preview:large, max-video-preview:-1\" \/>\n<link rel=\"canonical\" href=\"https:\/\/jekal.site\/es\/about\/\" \/>\n<meta property=\"og:locale\" content=\"es_ES\" \/>\n<meta property=\"og:type\" content=\"article\" \/>\n<meta property=\"og:title\" content=\"About\" \/>\n<meta property=\"og:description\" content=\"Find out how JEKAL SARL has secured its place in the currency exchange industry, facilitating over 10,000 money transactions annually.\" \/>\n<meta property=\"og:url\" content=\"https:\/\/jekal.site\/es\/about\/\" \/>\n<meta property=\"og:site_name\" content=\"Jekal\" \/>\n<meta property=\"article:modified_time\" content=\"2025-07-25T03:46:48+00:00\" \/>\n<meta property=\"og:image\" content=\"https:\/\/jekal.site\/wp-content\/uploads\/2025\/07\/Screenshot-2025-07-24-223326.png\" \/>\n\t<meta property=\"og:image:width\" content=\"1918\" \/>\n\t<meta property=\"og:image:height\" content=\"1047\" \/>\n\t<meta property=\"og:image:type\" content=\"image\/png\" \/>\n<meta name=\"twitter:card\" content=\"summary_large_image\" \/>\n<meta name=\"twitter:label1\" content=\"Tiempo de lectura\" \/>\n\t<meta name=\"twitter:data1\" content=\"2 minutos\" \/>\n<script type=\"application\/ld+json\" class=\"yoast-schema-graph\">{\"@context\":\"https:\/\/schema.org\",\"@graph\":[{\"@type\":\"WebPage\",\"@id\":\"https:\/\/jekal.site\/about\/\",\"url\":\"https:\/\/jekal.site\/about\/\",\"name\":\"Money Insights: Understanding Currency Exchange - Jekal\",\"isPartOf\":{\"@id\":\"https:\/\/jekal.site\/#website\"},\"datePublished\":\"2018-01-31T14:56:17+00:00\",\"dateModified\":\"2025-07-25T03:46:48+00:00\",\"description\":\"Find out how JEKAL SARL has secured its place in the currency exchange industry, facilitating over 10,000 money transactions annually.\",\"breadcrumb\":{\"@id\":\"https:\/\/jekal.site\/about\/#breadcrumb\"},\"inLanguage\":\"es\",\"potentialAction\":[{\"@type\":\"ReadAction\",\"target\":[\"https:\/\/jekal.site\/about\/\"]}]},{\"@type\":\"BreadcrumbList\",\"@id\":\"https:\/\/jekal.site\/about\/#breadcrumb\",\"itemListElement\":[{\"@type\":\"ListItem\",\"position\":1,\"name\":\"Home\",\"item\":\"https:\/\/jekal.site\/\"},{\"@type\":\"ListItem\",\"position\":2,\"name\":\"About\"}]},{\"@type\":\"WebSite\",\"@id\":\"https:\/\/jekal.site\/#website\",\"url\":\"https:\/\/jekal.site\/\",\"name\":\"Jekal\",\"description\":\"Exchange Agency\",\"publisher\":{\"@id\":\"https:\/\/jekal.site\/#organization\"},\"potentialAction\":[{\"@type\":\"SearchAction\",\"target\":{\"@type\":\"EntryPoint\",\"urlTemplate\":\"https:\/\/jekal.site\/?s={search_term_string}\"},\"query-input\":{\"@type\":\"PropertyValueSpecification\",\"valueRequired\":true,\"valueName\":\"search_term_string\"}}],\"inLanguage\":\"es\"},{\"@type\":\"Organization\",\"@id\":\"https:\/\/jekal.site\/#organization\",\"name\":\"JEKAL | BUREAU DE CHANGE\",\"url\":\"https:\/\/jekal.site\/\",\"logo\":{\"@type\":\"ImageObject\",\"inLanguage\":\"es\",\"@id\":\"https:\/\/jekal.site\/#\/schema\/logo\/image\/\",\"url\":\"https:\/\/jekal.site\/wp-content\/uploads\/2024\/10\/cropped-cropped-JEKAL-4-w.png\",\"contentUrl\":\"https:\/\/jekal.site\/wp-content\/uploads\/2024\/10\/cropped-cropped-JEKAL-4-w.png\",\"width\":500,\"height\":154,\"caption\":\"JEKAL | BUREAU DE CHANGE\"},\"image\":{\"@id\":\"https:\/\/jekal.site\/#\/schema\/logo\/image\/\"},\"description\":\"JEKAL SARL \u2013 Your Trusted Partner in Currency Exchange Since 1998, JEKAL SARL has been providing fast, secure, and transparent currency exchange services. With over 10,000 transactions annually, we have established ourselves as a trusted reference in Morocco, offering competitive exchange rates and a personalized approach to our clients.\",\"email\":\"info@jekal.site\",\"telephone\":\"+212 539-910 077\",\"legalName\":\"JEKAL | BUREAU DE CHANGE\",\"foundingDate\":\"1999-07-04\",\"numberOfEmployees\":{\"@type\":\"QuantitativeValue\",\"minValue\":\"1\",\"maxValue\":\"10\"},\"publishingPrinciples\":\"https:\/\/jekal.site\/privacy-policy\/\",\"ownershipFundingInfo\":\"https:\/\/jekal.site\/\"}]}<\/script>\n<!-- \/ Yoast SEO Premium plugin. -->","yoast_head_json":{"title":"Money Insights: Understanding Currency Exchange - Jekal","description":"Find out how JEKAL SARL has secured its place in the currency exchange industry, facilitating over 10,000 money transactions annually.","robots":{"index":"index","follow":"follow","max-snippet":"max-snippet:-1","max-image-preview":"max-image-preview:large","max-video-preview":"max-video-preview:-1"},"canonical":"https:\/\/jekal.site\/es\/about\/","og_locale":"es_ES","og_type":"article","og_title":"About","og_description":"Find out how JEKAL SARL has secured its place in the currency exchange industry, facilitating over 10,000 money transactions annually.","og_url":"https:\/\/jekal.site\/es\/about\/","og_site_name":"Jekal","article_modified_time":"2025-07-25T03:46:48+00:00","og_image":[{"width":1918,"height":1047,"url":"https:\/\/jekal.site\/wp-content\/uploads\/2025\/07\/Screenshot-2025-07-24-223326.png","type":"image\/png"}],"twitter_card":"summary_large_image","twitter_misc":{"Tiempo de lectura":"2 minutos"},"schema":{"@context":"https:\/\/schema.org","@graph":[{"@type":"WebPage","@id":"https:\/\/jekal.site\/about\/","url":"https:\/\/jekal.site\/about\/","name":"Money Insights: Understanding Currency Exchange - Jekal","isPartOf":{"@id":"https:\/\/jekal.site\/#website"},"datePublished":"2018-01-31T14:56:17+00:00","dateModified":"2025-07-25T03:46:48+00:00","description":"Find out how JEKAL SARL has secured its place in the currency exchange industry, facilitating over 10,000 money transactions annually.","breadcrumb":{"@id":"https:\/\/jekal.site\/about\/#breadcrumb"},"inLanguage":"es","potentialAction":[{"@type":"ReadAction","target":["https:\/\/jekal.site\/about\/"]}]},{"@type":"BreadcrumbList","@id":"https:\/\/jekal.site\/about\/#breadcrumb","itemListElement":[{"@type":"ListItem","position":1,"name":"Home","item":"https:\/\/jekal.site\/"},{"@type":"ListItem","position":2,"name":"About"}]},{"@type":"WebSite","@id":"https:\/\/jekal.site\/#website","url":"https:\/\/jekal.site\/","name":"Jekal","description":"Agencia De Cambio","publisher":{"@id":"https:\/\/jekal.site\/#organization"},"potentialAction":[{"@type":"SearchAction","target":{"@type":"EntryPoint","urlTemplate":"https:\/\/jekal.site\/?s={search_term_string}"},"query-input":{"@type":"PropertyValueSpecification","valueRequired":true,"valueName":"search_term_string"}}],"inLanguage":"es"},{"@type":"Organization","@id":"https:\/\/jekal.site\/#organization","name":"JEKAL | BUREAU DE CHANGE","url":"https:\/\/jekal.site\/","logo":{"@type":"ImageObject","inLanguage":"es","@id":"https:\/\/jekal.site\/#\/schema\/logo\/image\/","url":"https:\/\/jekal.site\/wp-content\/uploads\/2024\/10\/cropped-cropped-JEKAL-4-w.png","contentUrl":"https:\/\/jekal.site\/wp-content\/uploads\/2024\/10\/cropped-cropped-JEKAL-4-w.png","width":500,"height":154,"caption":"JEKAL | BUREAU DE CHANGE"},"image":{"@id":"https:\/\/jekal.site\/#\/schema\/logo\/image\/"},"description":"JEKAL SARL \u2013 Your Trusted Partner in Currency Exchange Since 1998, JEKAL SARL has been providing fast, secure, and transparent currency exchange services. With over 10,000 transactions annually, we have established ourselves as a trusted reference in Morocco, offering competitive exchange rates and a personalized approach to our clients.","email":"info@jekal.site","telephone":"+212 539-910 077","legalName":"JEKAL | BUREAU DE CHANGE","foundingDate":"1999-07-04","numberOfEmployees":{"@type":"QuantitativeValue","minValue":"1","maxValue":"10"},"publishingPrinciples":"https:\/\/jekal.site\/privacy-policy\/","ownershipFundingInfo":"https:\/\/jekal.site\/"}]}},"brizy_media":[],"_links":{"self":[{"href":"https:\/\/jekal.site\/es\/wp-json\/wp\/v2\/pages\/96","targetHints":{"allow":["GET"]}}],"collection":[{"href":"https:\/\/jekal.site\/es\/wp-json\/wp\/v2\/pages"}],"about":[{"href":"https:\/\/jekal.site\/es\/wp-json\/wp\/v2\/types\/page"}],"author":[{"embeddable":true,"href":"https:\/\/jekal.site\/es\/wp-json\/wp\/v2\/users\/1"}],"replies":[{"embeddable":true,"href":"https:\/\/jekal.site\/es\/wp-json\/wp\/v2\/comments?post=96"}],"version-history":[{"count":5,"href":"https:\/\/jekal.site\/es\/wp-json\/wp\/v2\/pages\/96\/revisions"}],"predecessor-version":[{"id":1747,"href":"https:\/\/jekal.site\/es\/wp-json\/wp\/v2\/pages\/96\/revisions\/1747"}],"wp:attachment":[{"href":"https:\/\/jekal.site\/es\/wp-json\/wp\/v2\/media?parent=96"}],"curies":[{"name":"wp","href":"https:\/\/api.w.org\/{rel}","templated":true}]}}