{"id":1768,"date":"2025-10-17T14:29:25","date_gmt":"2025-10-17T13:29:25","guid":{"rendered":"https:\/\/jekal.site\/?page_id=1768"},"modified":"2025-10-17T15:25:01","modified_gmt":"2025-10-17T14:25:01","slug":"dotation","status":"publish","type":"page","link":"https:\/\/jekal.site\/es\/dotation\/","title":{"rendered":"Dotation Made Easy with JEKAL"},"content":{"rendered":"<div class=\"wpb-content-wrapper\"><div class=\"vc_row wpb_row vc_row-fluid\"><div class=\"wpb_column vc_column_container vc_col-sm-12 sc_layouts_column_icons_position_left\"><div class=\"vc_column-inner\"><div class=\"wpb_wrapper\"><div id=\"sc_title_628745992\"\n\t\tclass=\"sc_title color_style_default sc_title_default\"><h2 class=\"sc_item_title sc_title_title sc_align_left sc_item_title_style_default\">Bienvenido a JEKAL \u2013 Su Experto en Cambio de Divisas en Larache, Marruecos<\/h2><div class=\"sc_item_descr sc_title_descr sc_align_left\"><p>En JEKAL, nos comprometemos a ofrecerle un servicio excepcional y la informaci\u00f3n m\u00e1s actualizada sobre la Dotaci\u00f3n Tur\u00edstica en Marruecos.<br \/>\nSabemos que planificar un viaje es importante, y queremos asegurarnos de que tenga todo lo necesario para disfrutar plenamente de su experiencia.<\/p>\n<\/div><\/div><!-- \/.sc_title --><\/div><\/div><\/div><\/div><div class=\"vc_row wpb_row vc_row-fluid vc_row-o-equal-height vc_row-o-content-middle vc_row-flex\"><div class=\"wpb_column vc_column_container vc_col-sm-6 sc_layouts_column_icons_position_left\"><div class=\"vc_column-inner\"><div class=\"wpb_wrapper\">\n\t<div  class=\"wpb_single_image wpb_content_element vc_align_left wpb_content_element\">\n\t\t\n\t\t<figure class=\"wpb_wrapper vc_figure\">\n\t\t\t<div class=\"vc_single_image-wrapper   vc_box_border_grey\"><img decoding=\"async\" class=\"vc_single_image-img\" src=\"https:\/\/jekal.site\/wp-content\/uploads\/2018\/02\/Spreadsheets-1.gif\" width=\"500\" height=\"500\" alt=\"Spreadsheets (1)\" title=\"Spreadsheets (1)\" loading=\"lazy\" \/><\/div>\n\t\t<\/figure>\n\t<\/div>\n<\/div><\/div><\/div><div class=\"wpb_column vc_column_container vc_col-sm-6 sc_layouts_column_icons_position_left\"><div class=\"vc_column-inner\"><div class=\"wpb_wrapper\"><div id=\"sc_title_1387801514\"\n\t\tclass=\"sc_title color_style_default sc_title_default  vc_custom_1760709762648\"><h6 class=\"sc_item_subtitle sc_title_subtitle sc_align_left sc_item_title_style_default\"><b>01.<\/b> Resumen<\/h6><h2 class=\"sc_item_title sc_title_title sc_align_left sc_item_title_style_default\">\u00bfQu\u00e9 es la Dotaci\u00f3n Tur\u00edstica?<\/h2><div class=\"sc_item_descr sc_title_descr sc_align_left\"><p>La Dotaci\u00f3n Tur\u00edstica es un servicio regulado por la Oficina de Cambios, que permite a los ciudadanos marroqu\u00edes obtener divisas extranjeras para cubrir sus gastos de viaje al extranjero.<\/p>\n<p>En JEKAL, facilitamos el proceso para que pueda obtener sus divisas de manera r\u00e1pida, segura y conforme con las regulaciones vigentes.<\/p>\n<\/div><\/div><!-- \/.sc_title --><\/div><\/div><\/div><\/div><div class=\"vc_row wpb_row vc_row-fluid vc_custom_1760710246463 vc_row-o-equal-height vc_row-o-content-middle vc_row-flex\"><div class=\"wpb_column vc_column_container vc_col-sm-6 sc_layouts_column_icons_position_left\"><div class=\"vc_column-inner\"><div class=\"wpb_wrapper\"><div id=\"sc_title_522079114\"\n\t\tclass=\"sc_title color_style_default sc_title_default  vc_custom_1760709784831\"><h6 class=\"sc_item_subtitle sc_title_subtitle sc_align_left sc_item_title_style_default\"><b>02.<\/b> Documentos Necesarios<\/h6><h2 class=\"sc_item_title sc_title_title sc_align_left sc_item_title_style_default\">Documentos Necesarios<\/h2><\/div><!-- \/.sc_title -->\n\t<div class=\"wpb_text_column wpb_content_element\" >\n\t\t<div class=\"wpb_wrapper\">\n\t\t\t<p><strong>1. Marroqu\u00ed residente en Marruecos (MRM):<\/strong><\/p>\n<ul>\n<li style=\"list-style-type: none;\">\n<ul>\n<li>Tarjeta Nacional de Identidad Marroqu\u00ed v\u00e1lida (CIN).<\/li>\n<li>\n<p data-start=\"215\" data-end=\"347\">Pasaporte marroqu\u00ed v\u00e1lido<\/p>\n<\/li>\n<\/ul>\n<\/li>\n<\/ul>\n<p><strong>2. Si es un marroqu\u00ed residente en el extranjero (MRE):<br data-start=\"401\" data-end=\"404\" \/><\/strong><\/p>\n<ul>\n<li style=\"list-style-type: none;\">\n<ul>\n<li>Tarjeta Nacional de Identidad Marroqu\u00ed v\u00e1lida (CIN).<\/li>\n<li>\n<p data-start=\"349\" data-end=\"483\">Pasaporte marroqu\u00ed v\u00e1lido<\/p>\n<\/li>\n<\/ul>\n<\/li>\n<\/ul>\n<p><strong>3. Si es un extranjero residente en Marruecos (ERM):<\/strong><\/p>\n<ul>\n<li style=\"list-style-type: none;\">\n<ul>\n<li>Tarjeta de Identidad de Residencia Marroqu\u00ed v\u00e1lida (CIN).<\/li>\n<li>\n<p data-start=\"485\" data-end=\"614\">Pasaporte v\u00e1lido.<\/p>\n<\/li>\n<\/ul>\n<\/li>\n<\/ul>\n\n\t\t<\/div>\n\t<\/div>\n<\/div><\/div><\/div><div class=\"wpb_column vc_column_container vc_col-sm-6 sc_layouts_column_icons_position_left\"><div class=\"vc_column-inner\"><div class=\"wpb_wrapper\">\n\t<div  class=\"wpb_single_image wpb_content_element vc_align_left wpb_content_element\">\n\t\t\n\t\t<figure class=\"wpb_wrapper vc_figure\">\n\t\t\t<div class=\"vc_single_image-wrapper   vc_box_border_grey\"><img decoding=\"async\" class=\"vc_single_image-img\" src=\"https:\/\/jekal.site\/wp-content\/uploads\/2018\/02\/Personal-finance.gif\" width=\"500\" height=\"500\" alt=\"Personal finance\" title=\"Personal finance\" loading=\"lazy\" \/><\/div>\n\t\t<\/figure>\n\t<\/div>\n<\/div><\/div><\/div><\/div><div class=\"vc_row wpb_row vc_row-fluid vc_custom_1760710278334 vc_row-o-equal-height vc_row-o-content-middle vc_row-flex\"><div class=\"wpb_column vc_column_container vc_col-sm-6 sc_layouts_column_icons_position_left\"><div class=\"vc_column-inner\"><div class=\"wpb_wrapper\">\n\t<div  class=\"wpb_single_image wpb_content_element vc_align_left wpb_content_element\">\n\t\t\n\t\t<figure class=\"wpb_wrapper vc_figure\">\n\t\t\t<div class=\"vc_single_image-wrapper   vc_box_border_grey\"><img decoding=\"async\" class=\"vc_single_image-img\" src=\"https:\/\/jekal.site\/wp-content\/uploads\/2018\/02\/FAQs.gif\" width=\"500\" height=\"500\" alt=\"FAQs\" title=\"FAQs\" loading=\"lazy\" \/><\/div>\n\t\t<\/figure>\n\t<\/div>\n<\/div><\/div><\/div><div class=\"wpb_column vc_column_container vc_col-sm-6 sc_layouts_column_icons_position_left\"><div class=\"vc_column-inner\"><div class=\"wpb_wrapper\"><div id=\"sc_title_90922824\"\n\t\tclass=\"sc_title color_style_default sc_title_default  vc_custom_1760709862191\"><h6 class=\"sc_item_subtitle sc_title_subtitle sc_align_left sc_item_title_style_default\"><b>03.<\/b> FAQ<\/h6><h2 class=\"sc_item_title sc_title_title sc_align_left sc_item_title_style_default\">Preguntas frecuentes<\/h2><\/div><!-- \/.sc_title --><div  class=\"vc_do_toggle vc_toggle vc_toggle_square vc_toggle_color_orange  vc_toggle_size_md vc_toggle_active\"><div class=\"vc_toggle_title\"><h4>\u00bfCuanto tiempo dura el proceso?<\/h4><i class=\"vc_toggle_icon\"><\/i><\/div><div class=\"vc_toggle_content\"><p data-start=\"77\" data-end=\"191\">El tr\u00e1mite se realiza r\u00e1pidamente si los documentos est\u00e1n en regla.<\/p>\n<\/div><\/div><div  class=\"vc_do_toggle vc_toggle vc_toggle_square vc_toggle_color_orange  vc_toggle_size_md\"><div class=\"vc_toggle_title\"><h4>\u00bfQu\u00e9 sucede si no utilizo toda la dotaci\u00f3n durante el a\u00f1o?<\/h4><i class=\"vc_toggle_icon\"><\/i><\/div><div class=\"vc_toggle_content\"><p data-start=\"1532\" data-end=\"1708\">The allowance of <strong data-start=\"286\" data-end=\"304\">MAD 100,000.00<\/strong> is valid only for the current calendar year. The unused amount cannot be transferred to the following year.<\/p>\n<\/div><\/div><div  class=\"vc_do_toggle vc_toggle vc_toggle_square vc_toggle_color_orange  vc_toggle_size_md\"><div class=\"vc_toggle_title\"><h4>\u00bfPuedo usar la dotaci\u00f3n para compras en l\u00ednea?<\/h4><i class=\"vc_toggle_icon\"><\/i><\/div><div class=\"vc_toggle_content\"><p>No. La dotaci\u00f3n tur\u00edstica est\u00e1 destinada exclusivamente a cubrir los gastos relacionados con los viajes al extranjero.<\/p>\n<\/div><\/div><\/div><\/div><\/div><\/div><div class=\"vc_row wpb_row vc_row-fluid vc_custom_1760710286983 vc_row-o-equal-height vc_row-o-content-middle vc_row-flex\"><div class=\"wpb_column vc_column_container vc_col-sm-6 sc_layouts_column_icons_position_left\"><div class=\"vc_column-inner\"><div class=\"wpb_wrapper\"><div id=\"sc_title_23052595\"\n\t\tclass=\"sc_title color_style_default sc_title_default  vc_custom_1760710054647\"><h6 class=\"sc_item_subtitle sc_title_subtitle sc_align_left sc_item_title_style_default\"><b>04.<\/b> Avantages<\/h6><h2 class=\"sc_item_title sc_title_title sc_align_left sc_item_title_style_default\">\u00bfPor qu\u00e9 elegir JEKAL?<\/h2><\/div><!-- \/.sc_title -->\n\t<div class=\"wpb_text_column wpb_content_element\" >\n\t\t<div class=\"wpb_wrapper\">\n\t\t\t<ul>\n<li><strong data-start=\"150\" data-end=\"175\">Rapidez y Eficiencia<\/strong> Procesamos su solicitud sin demoras innecesarias.<\/li>\n<li><strong data-start=\"232\" data-end=\"257\">Servicio Personalizado:<\/strong> Nuestro equipo est\u00e1 listo para guiarle paso a paso.<\/li>\n<li>\n<p data-start=\"147\" data-end=\"419\"><strong data-start=\"308\" data-end=\"329\">Cumplimiento Legal:<\/strong> Nos aseguramos de que su dotaci\u00f3n cumpla con la normativa de la <strong data-start=\"397\" data-end=\"416\">Oficina de Cambios<\/strong>.<\/p>\n<\/li>\n<\/ul>\n\n\t\t<\/div>\n\t<\/div>\n<\/div><\/div><\/div><div class=\"wpb_column vc_column_container vc_col-sm-6 sc_layouts_column_icons_position_left\"><div class=\"vc_column-inner\"><div class=\"wpb_wrapper\">\n\t<div  class=\"wpb_single_image wpb_content_element vc_align_left wpb_content_element\">\n\t\t\n\t\t<figure class=\"wpb_wrapper vc_figure\">\n\t\t\t<div class=\"vc_single_image-wrapper   vc_box_border_grey\"><img decoding=\"async\" class=\"vc_single_image-img\" src=\"https:\/\/jekal.site\/wp-content\/uploads\/2018\/02\/Thinking-face.gif\" width=\"500\" height=\"500\" alt=\"Thinking face\" title=\"Thinking face\" loading=\"lazy\" \/><\/div>\n\t\t<\/figure>\n\t<\/div>\n<\/div><\/div><\/div><\/div>\n<\/div>","protected":false},"excerpt":{"rendered":"Welcome to JEKAL \u2013 Your Currency Exchange Expert in Larache, MoroccoAt JEKAL, we are committed to providing you with exceptional service and the most up-to-date information regarding the Travel Allowance (Dotation Touristique) in Morocco. We understand that planning a trip is important, and we want to ensure you have everything you need to make the most of your experience. 01.&hellip;","protected":false},"author":1,"featured_media":0,"parent":0,"menu_order":0,"comment_status":"closed","ping_status":"closed","template":"","meta":{"_bbp_topic_count":0,"_bbp_reply_count":0,"_bbp_total_topic_count":0,"_bbp_total_reply_count":0,"_bbp_voice_count":0,"_bbp_anonymous_reply_count":0,"_bbp_topic_count_hidden":0,"_bbp_reply_count_hidden":0,"_bbp_forum_subforum_count":0,"footnotes":""},"class_list":["post-1768","page","type-page","status-publish","hentry"],"yoast_head":"<!-- This site is optimized with the Yoast SEO Premium plugin v25.4 (Yoast SEO v25.4) - https:\/\/yoast.com\/wordpress\/plugins\/seo\/ -->\n<title>Dotation Made Easy with JEKAL - Jekal<\/title>\n<meta name=\"robots\" content=\"index, follow, max-snippet:-1, max-image-preview:large, max-video-preview:-1\" \/>\n<link rel=\"canonical\" href=\"https:\/\/jekal.site\/es\/dotation\/\" \/>\n<meta property=\"og:locale\" content=\"es_ES\" \/>\n<meta property=\"og:type\" content=\"article\" \/>\n<meta property=\"og:title\" content=\"Dotation Made Easy with JEKAL\" \/>\n<meta property=\"og:url\" content=\"https:\/\/jekal.site\/es\/dotation\/\" \/>\n<meta property=\"og:site_name\" content=\"Jekal\" \/>\n<meta property=\"article:modified_time\" content=\"2025-10-17T14:25:01+00:00\" \/>\n<meta property=\"og:image\" content=\"https:\/\/jekal.site\/wp-content\/uploads\/2025\/07\/Screenshot-2025-07-24-223326.png\" \/>\n\t<meta property=\"og:image:width\" content=\"1918\" \/>\n\t<meta property=\"og:image:height\" content=\"1047\" \/>\n\t<meta property=\"og:image:type\" content=\"image\/png\" \/>\n<meta name=\"twitter:card\" content=\"summary_large_image\" \/>\n<meta name=\"twitter:label1\" content=\"Tiempo de lectura\" \/>\n\t<meta name=\"twitter:data1\" content=\"2 minutos\" \/>\n<script type=\"application\/ld+json\" class=\"yoast-schema-graph\">{\"@context\":\"https:\/\/schema.org\",\"@graph\":[{\"@type\":\"WebPage\",\"@id\":\"https:\/\/jekal.site\/dotation\/\",\"url\":\"https:\/\/jekal.site\/dotation\/\",\"name\":\"Dotation Made Easy with JEKAL - Jekal\",\"isPartOf\":{\"@id\":\"https:\/\/jekal.site\/#website\"},\"datePublished\":\"2025-10-17T13:29:25+00:00\",\"dateModified\":\"2025-10-17T14:25:01+00:00\",\"breadcrumb\":{\"@id\":\"https:\/\/jekal.site\/dotation\/#breadcrumb\"},\"inLanguage\":\"es\",\"potentialAction\":[{\"@type\":\"ReadAction\",\"target\":[\"https:\/\/jekal.site\/dotation\/\"]}]},{\"@type\":\"BreadcrumbList\",\"@id\":\"https:\/\/jekal.site\/dotation\/#breadcrumb\",\"itemListElement\":[{\"@type\":\"ListItem\",\"position\":1,\"name\":\"Home\",\"item\":\"https:\/\/jekal.site\/\"},{\"@type\":\"ListItem\",\"position\":2,\"name\":\"Dotation Made Easy with JEKAL\"}]},{\"@type\":\"WebSite\",\"@id\":\"https:\/\/jekal.site\/#website\",\"url\":\"https:\/\/jekal.site\/\",\"name\":\"Jekal\",\"description\":\"Exchange Agency\",\"publisher\":{\"@id\":\"https:\/\/jekal.site\/#organization\"},\"potentialAction\":[{\"@type\":\"SearchAction\",\"target\":{\"@type\":\"EntryPoint\",\"urlTemplate\":\"https:\/\/jekal.site\/?s={search_term_string}\"},\"query-input\":{\"@type\":\"PropertyValueSpecification\",\"valueRequired\":true,\"valueName\":\"search_term_string\"}}],\"inLanguage\":\"es\"},{\"@type\":\"Organization\",\"@id\":\"https:\/\/jekal.site\/#organization\",\"name\":\"JEKAL | BUREAU DE CHANGE\",\"url\":\"https:\/\/jekal.site\/\",\"logo\":{\"@type\":\"ImageObject\",\"inLanguage\":\"es\",\"@id\":\"https:\/\/jekal.site\/#\/schema\/logo\/image\/\",\"url\":\"https:\/\/jekal.site\/wp-content\/uploads\/2024\/10\/cropped-cropped-JEKAL-4-w.png\",\"contentUrl\":\"https:\/\/jekal.site\/wp-content\/uploads\/2024\/10\/cropped-cropped-JEKAL-4-w.png\",\"width\":500,\"height\":154,\"caption\":\"JEKAL | BUREAU DE CHANGE\"},\"image\":{\"@id\":\"https:\/\/jekal.site\/#\/schema\/logo\/image\/\"},\"description\":\"JEKAL SARL \u2013 Your Trusted Partner in Currency Exchange Since 1998, JEKAL SARL has been providing fast, secure, and transparent currency exchange services. With over 10,000 transactions annually, we have established ourselves as a trusted reference in Morocco, offering competitive exchange rates and a personalized approach to our clients.\",\"email\":\"info@jekal.site\",\"telephone\":\"+212 539-910 077\",\"legalName\":\"JEKAL | BUREAU DE CHANGE\",\"foundingDate\":\"1999-07-04\",\"numberOfEmployees\":{\"@type\":\"QuantitativeValue\",\"minValue\":\"1\",\"maxValue\":\"10\"},\"publishingPrinciples\":\"https:\/\/jekal.site\/privacy-policy\/\",\"ownershipFundingInfo\":\"https:\/\/jekal.site\/\"}]}<\/script>\n<!-- \/ Yoast SEO Premium plugin. -->","yoast_head_json":{"title":"Dotation Made Easy with JEKAL - Jekal","robots":{"index":"index","follow":"follow","max-snippet":"max-snippet:-1","max-image-preview":"max-image-preview:large","max-video-preview":"max-video-preview:-1"},"canonical":"https:\/\/jekal.site\/es\/dotation\/","og_locale":"es_ES","og_type":"article","og_title":"Dotation Made Easy with JEKAL","og_url":"https:\/\/jekal.site\/es\/dotation\/","og_site_name":"Jekal","article_modified_time":"2025-10-17T14:25:01+00:00","og_image":[{"width":1918,"height":1047,"url":"https:\/\/jekal.site\/wp-content\/uploads\/2025\/07\/Screenshot-2025-07-24-223326.png","type":"image\/png"}],"twitter_card":"summary_large_image","twitter_misc":{"Tiempo de lectura":"2 minutos"},"schema":{"@context":"https:\/\/schema.org","@graph":[{"@type":"WebPage","@id":"https:\/\/jekal.site\/dotation\/","url":"https:\/\/jekal.site\/dotation\/","name":"Dotation Made Easy with JEKAL - Jekal","isPartOf":{"@id":"https:\/\/jekal.site\/#website"},"datePublished":"2025-10-17T13:29:25+00:00","dateModified":"2025-10-17T14:25:01+00:00","breadcrumb":{"@id":"https:\/\/jekal.site\/dotation\/#breadcrumb"},"inLanguage":"es","potentialAction":[{"@type":"ReadAction","target":["https:\/\/jekal.site\/dotation\/"]}]},{"@type":"BreadcrumbList","@id":"https:\/\/jekal.site\/dotation\/#breadcrumb","itemListElement":[{"@type":"ListItem","position":1,"name":"Home","item":"https:\/\/jekal.site\/"},{"@type":"ListItem","position":2,"name":"Dotation Made Easy with JEKAL"}]},{"@type":"WebSite","@id":"https:\/\/jekal.site\/#website","url":"https:\/\/jekal.site\/","name":"Jekal","description":"Agencia De Cambio","publisher":{"@id":"https:\/\/jekal.site\/#organization"},"potentialAction":[{"@type":"SearchAction","target":{"@type":"EntryPoint","urlTemplate":"https:\/\/jekal.site\/?s={search_term_string}"},"query-input":{"@type":"PropertyValueSpecification","valueRequired":true,"valueName":"search_term_string"}}],"inLanguage":"es"},{"@type":"Organization","@id":"https:\/\/jekal.site\/#organization","name":"JEKAL | BUREAU DE CHANGE","url":"https:\/\/jekal.site\/","logo":{"@type":"ImageObject","inLanguage":"es","@id":"https:\/\/jekal.site\/#\/schema\/logo\/image\/","url":"https:\/\/jekal.site\/wp-content\/uploads\/2024\/10\/cropped-cropped-JEKAL-4-w.png","contentUrl":"https:\/\/jekal.site\/wp-content\/uploads\/2024\/10\/cropped-cropped-JEKAL-4-w.png","width":500,"height":154,"caption":"JEKAL | BUREAU DE CHANGE"},"image":{"@id":"https:\/\/jekal.site\/#\/schema\/logo\/image\/"},"description":"JEKAL SARL \u2013 Your Trusted Partner in Currency Exchange Since 1998, JEKAL SARL has been providing fast, secure, and transparent currency exchange services. With over 10,000 transactions annually, we have established ourselves as a trusted reference in Morocco, offering competitive exchange rates and a personalized approach to our clients.","email":"info@jekal.site","telephone":"+212 539-910 077","legalName":"JEKAL | BUREAU DE CHANGE","foundingDate":"1999-07-04","numberOfEmployees":{"@type":"QuantitativeValue","minValue":"1","maxValue":"10"},"publishingPrinciples":"https:\/\/jekal.site\/privacy-policy\/","ownershipFundingInfo":"https:\/\/jekal.site\/"}]}},"brizy_media":[],"_links":{"self":[{"href":"https:\/\/jekal.site\/es\/wp-json\/wp\/v2\/pages\/1768","targetHints":{"allow":["GET"]}}],"collection":[{"href":"https:\/\/jekal.site\/es\/wp-json\/wp\/v2\/pages"}],"about":[{"href":"https:\/\/jekal.site\/es\/wp-json\/wp\/v2\/types\/page"}],"author":[{"embeddable":true,"href":"https:\/\/jekal.site\/es\/wp-json\/wp\/v2\/users\/1"}],"replies":[{"embeddable":true,"href":"https:\/\/jekal.site\/es\/wp-json\/wp\/v2\/comments?post=1768"}],"version-history":[{"count":5,"href":"https:\/\/jekal.site\/es\/wp-json\/wp\/v2\/pages\/1768\/revisions"}],"predecessor-version":[{"id":1777,"href":"https:\/\/jekal.site\/es\/wp-json\/wp\/v2\/pages\/1768\/revisions\/1777"}],"wp:attachment":[{"href":"https:\/\/jekal.site\/es\/wp-json\/wp\/v2\/media?parent=1768"}],"curies":[{"name":"wp","href":"https:\/\/api.w.org\/{rel}","templated":true}]}}