{"id":1375,"date":"2024-12-03T17:51:02","date_gmt":"2024-12-03T16:51:02","guid":{"rendered":"https:\/\/jekal.site\/?page_id=1375"},"modified":"2025-02-26T13:03:41","modified_gmt":"2025-02-26T12:03:41","slug":"iqnet","status":"publish","type":"page","link":"https:\/\/jekal.site\/es\/iqnet\/","title":{"rendered":"IQNET"},"content":{"rendered":"<div class=\"wpb-content-wrapper\"><div class=\"vc_row wpb_row vc_row-fluid wpb_animate_when_almost_visible wpb_right-to-left right-to-left vc_row-o-equal-height vc_row-o-content-middle vc_row-flex\"><div class=\"wpb_column vc_column_container vc_col-sm-6 sc_layouts_column_icons_position_left\"><div class=\"vc_column-inner\"><div class=\"wpb_wrapper\">\n\t<div  class=\"wpb_single_image wpb_content_element vc_align_left wpb_content_element\">\n\t\t\n\t\t<figure class=\"wpb_wrapper vc_figure\">\n\t\t\t<div class=\"vc_single_image-wrapper   vc_box_border_grey\"><img decoding=\"async\" class=\"vc_single_image-img\" src=\"https:\/\/jekal.site\/wp-content\/uploads\/2024\/12\/Certification.gif\" width=\"500\" height=\"500\" alt=\"Certification\" title=\"Certification\" loading=\"lazy\" \/><\/div>\n\t\t<\/figure>\n\t<\/div>\n<\/div><\/div><\/div><div class=\"wpb_column vc_column_container vc_col-sm-6 sc_layouts_column_icons_position_left\"><div class=\"vc_column-inner\"><div class=\"wpb_wrapper\"><div id=\"sc_title_384794767\"\n\t\tclass=\"sc_title color_style_default sc_title_default  vc_custom_1734528087925\"><h6 class=\"sc_item_subtitle sc_title_subtitle sc_align_left sc_item_title_style_default\"><b>01.<\/b> Resumen<\/h6><h2 class=\"sc_item_title sc_title_title sc_align_left sc_item_title_style_default\">Descripci\u00f3n general de la certificaci\u00f3n IQNET<\/h2><div class=\"sc_item_descr sc_title_descr sc_align_left\"><p>IQNET es una red de certificaci\u00f3n reconocida internacionalmente, dedicada a ayudar a las empresas a cumplir con los est\u00e1ndares globales. La certificaci\u00f3n a trav\u00e9s de IQNET demuestra su compromiso con la calidad y la excelencia operativa, crucial para ganar credibilidad y ampliar su acceso al mercado.<\/p>\n<\/div><\/div><!-- \/.sc_title --><\/div><\/div><\/div><\/div><div class=\"vc_row wpb_row vc_row-fluid wpb_animate_when_almost_visible wpb_left-to-right left-to-right vc_custom_1740571386889 vc_row-o-equal-height vc_row-o-content-middle vc_row-flex\"><div class=\"wpb_column vc_column_container vc_col-sm-6 sc_layouts_column_icons_position_left\"><div class=\"vc_column-inner\"><div class=\"wpb_wrapper\"><div id=\"sc_title_635747301\"\n\t\tclass=\"sc_title color_style_default sc_title_default  vc_custom_1734527738879\"><h6 class=\"sc_item_subtitle sc_title_subtitle sc_align_left sc_item_title_style_default\"><b>02.<\/b> \u00bfPor qu\u00e9 IQNET?<\/h6><h2 class=\"sc_item_title sc_title_title sc_align_left sc_item_title_style_default\">\u00bfPor qu\u00e9 elegir la certificaci\u00f3n IQNET?<\/h2><div class=\"sc_item_descr sc_title_descr sc_align_left\"><p>Elegir la certificaci\u00f3n IQNET no solo mejora la reputaci\u00f3n de su empresa, sino que tambi\u00e9n le ayuda a obtener una ventaja competitiva al garantizar el cumplimiento de est\u00e1ndares reconocidos internacionalmente. Esta certificaci\u00f3n cuenta con la confianza de empresas y clientes, y le abre las puertas a los mercados globales.<\/p>\n<\/div><\/div><!-- \/.sc_title --><\/div><\/div><\/div><div class=\"wpb_column vc_column_container vc_col-sm-6 sc_layouts_column_icons_position_left\"><div class=\"vc_column-inner\"><div class=\"wpb_wrapper\">\n\t<div  class=\"wpb_single_image wpb_content_element vc_align_left wpb_content_element\">\n\t\t\n\t\t<figure class=\"wpb_wrapper vc_figure\">\n\t\t\t<div class=\"vc_single_image-wrapper   vc_box_border_grey\"><img decoding=\"async\" class=\"vc_single_image-img\" src=\"https:\/\/jekal.site\/wp-content\/uploads\/2024\/12\/Choose.gif\" width=\"500\" height=\"500\" alt=\"Choose\" title=\"Choose\" loading=\"lazy\" \/><\/div>\n\t\t<\/figure>\n\t<\/div>\n<\/div><\/div><\/div><\/div><div data-vc-full-width=\"true\" data-vc-full-width-init=\"false\" class=\"vc_row wpb_row vc_row-fluid wpb_animate_when_almost_visible wpb_bottom-to-top bottom-to-top vc_custom_1734535957318 vc_row-has-fill\"><div class=\"wpb_column vc_column_container vc_col-sm-12 sc_layouts_column_icons_position_left\"><div class=\"vc_column-inner\"><div class=\"wpb_wrapper\"><div id=\"sc_title_1195038123\"\n\t\tclass=\"sc_title color_style_default sc_title_default  vc_custom_1734527858631\"><h6 class=\"sc_item_subtitle sc_title_subtitle sc_align_left sc_item_title_style_default\"><b>03.<\/b> Beneficios de la certificaci\u00f3n<\/h6><h2 class=\"sc_item_title sc_title_title sc_align_left sc_item_title_style_default\">Beneficios de IQNET<\/h2><\/div><!-- \/.sc_title --><div id=\"sc_icons_1230942730\" \n\tclass=\"sc_icons sc_icons_modern sc_icons_size_medium sc_align_center\"><div class=\"sc_icons_columns_wrap sc_item_columns trx_addons_columns_wrap columns_padding_bottom\"><div class=\"trx_addons_column-1_4\"><div class=\"sc_icons_item\"><div id=\"sc_icons_1230942730_icon-icon-1\" class=\"sc_icons_icon sc_icon_type_ icon-icon-1\"\n\t\t\t\t\t\t\t\t\t\t\t\t><span class=\"sc_icon_type_ icon-icon-1\"><\/span><\/div><h4 class=\"sc_icons_item_title\"><span>Reconocimiento global<\/span><\/h4><div class=\"sc_icons_item_description\"><span>Obtenga acceso a lo nuevo <\/span><span><\/span><span>mercados internacionales.<\/span><span><\/span><\/div><\/div><\/div><div class=\"trx_addons_column-1_4\"><div class=\"sc_icons_item\"><div id=\"sc_icons_1230942730_icon-icon-2\" class=\"sc_icons_icon sc_icon_type_ icon-icon-2\"\n\t\t\t\t\t\t\t\t\t\t\t\t><span class=\"sc_icon_type_ icon-icon-2\"><\/span><\/div><h4 class=\"sc_icons_item_title\"><span>Confianza del cliente<\/span><\/h4><div class=\"sc_icons_item_description\"><span>Mejorar la confianza<\/span><span><\/span><span> con clientes y partes interesadas.<\/span><\/div><\/div><\/div><div class=\"trx_addons_column-1_4\"><div class=\"sc_icons_item\"><div id=\"sc_icons_1230942730_icon-icon-3\" class=\"sc_icons_icon sc_icon_type_ icon-icon-3\"\n\t\t\t\t\t\t\t\t\t\t\t\t><span class=\"sc_icon_type_ icon-icon-3\"><\/span><\/div><h4 class=\"sc_icons_item_title\"><span>Excelencia operativa<\/span><\/h4><div class=\"sc_icons_item_description\"><span>Agilizar los procesos<\/span><span><\/span><span> y mejorar el control de calidad.<\/span><span><\/span><\/div><\/div><\/div><div class=\"trx_addons_column-1_4\"><div class=\"sc_icons_item\"><div id=\"sc_icons_1230942730_icon-icon-4\" class=\"sc_icons_icon sc_icon_type_ icon-icon-4\"\n\t\t\t\t\t\t\t\t\t\t\t\t><span class=\"sc_icon_type_ icon-icon-4\"><\/span><\/div><h4 class=\"sc_icons_item_title\"><span>Mejora continua<\/span><\/h4><div class=\"sc_icons_item_description\"><span>Demostrar una visi\u00f3n a largo plazo<\/span><span><\/span><span> compromiso con la calidad.<\/span><span><\/span><\/div><\/div><\/div><\/div><\/div><!-- \/.sc_icons --><\/div><\/div><\/div><\/div><div class=\"vc_row-full-width vc_clearfix\"><\/div><div class=\"vc_row wpb_row vc_row-fluid wpb_animate_when_almost_visible wpb_appear appear vc_row-o-equal-height vc_row-o-content-middle vc_row-flex\"><div class=\"wpb_column vc_column_container vc_col-sm-6 sc_layouts_column_icons_position_left\"><div class=\"vc_column-inner vc_custom_1523450095704\"><div class=\"wpb_wrapper\">\n\t<div class=\"wpb_text_column wpb_content_element\" >\n\t\t<div class=\"wpb_wrapper\">\n\t\t\t<div class=\"cus-cont\">\n<p><span class=\"trx_addons_dropcap trx_addons_dropcap_style_1\">L<\/span><\/p>\n<h3><strong>Mejora continua<\/strong><\/h3>\n<\/div>\n<p>Logrando <strong>IQNET<\/strong> La certificaci\u00f3n es solo el comienzo. Para mantenerla, se anima a las empresas a implementar mejoras continuas y auditor\u00edas peri\u00f3dicas para garantizar el cumplimiento continuo de los est\u00e1ndares globales.<\/p>\n\n\t\t<\/div>\n\t<\/div>\n<\/div><\/div><\/div><div class=\"wpb_column vc_column_container vc_col-sm-6 sc_layouts_column_icons_position_left\"><div class=\"vc_column-inner vc_custom_1523450091562\"><div class=\"wpb_wrapper\">\n\t<div class=\"wpb_text_column wpb_content_element\" >\n\t\t<div class=\"wpb_wrapper\">\n\t\t\t<div class=\"cus-cont\">\n<p><span class=\"trx_addons_dropcap trx_addons_dropcap_style_1\">N<\/span><\/p>\n<h3><strong>Nuestra experiencia<\/strong><\/h3>\n<\/div>\n<p><strong>IQNET<\/strong> Cuenta con a\u00f1os de experiencia en certificaci\u00f3n, ayudando a empresas de todo el mundo a mejorar sus est\u00e1ndares de calidad y eficiencia operativa. Nuestras certificaciones gozan de aceptaci\u00f3n global, lo que garantiza la confianza tanto de clientes como de autoridades regulatorias.<\/p>\n\n\t\t<\/div>\n\t<\/div>\n<\/div><\/div><\/div><\/div><div class=\"vc_row wpb_row vc_row-fluid\"><div class=\"wpb_column vc_column_container vc_col-sm-12 sc_layouts_column_icons_position_left\"><div class=\"vc_column-inner\"><div class=\"wpb_wrapper\"><div class=\"vc_separator wpb_content_element vc_separator_align_center vc_sep_width_100 vc_sep_shadow vc_sep_pos_align_center vc_separator_no_text vc_sep_color_white vc_custom_1734535937036 wpb_content_element  vc_custom_1734535937036 wpb_content_element\" ><span class=\"vc_sep_holder vc_sep_holder_l\"><span class=\"vc_sep_line\"><\/span><\/span><span class=\"vc_sep_holder vc_sep_holder_r\"><span class=\"vc_sep_line\"><\/span><\/span>\n<\/div>\n\t<div  class=\"wpb_single_image wpb_content_element vc_align_center wpb_content_element\">\n\t\t\n\t\t<figure class=\"wpb_wrapper vc_figure\">\n\t\t\t<a href=\"https:\/\/jekal.site\/wp-content\/uploads\/2024\/12\/AENOR-Confia-1-1-724x1024.jpg\" target=\"_self\" class=\"vc_single_image-wrapper vc_box_shadow_3d  vc_box_border_grey\"><img loading=\"lazy\" decoding=\"async\" width=\"724\" height=\"1024\" src=\"https:\/\/jekal.site\/wp-content\/uploads\/2024\/12\/AENOR-Confia-1-1-724x1024.jpg\" class=\"vc_single_image-img attachment-large\" alt=\"\" title=\"AENOR Conf\u00eda (1)\" srcset=\"https:\/\/jekal.site\/wp-content\/uploads\/2024\/12\/AENOR-Confia-1-1-724x1024.jpg 724w, https:\/\/jekal.site\/wp-content\/uploads\/2024\/12\/AENOR-Confia-1-1-212x300.jpg 212w, https:\/\/jekal.site\/wp-content\/uploads\/2024\/12\/AENOR-Confia-1-1-768x1086.jpg 768w, https:\/\/jekal.site\/wp-content\/uploads\/2024\/12\/AENOR-Confia-1-1-1086x1536.jpg 1086w, https:\/\/jekal.site\/wp-content\/uploads\/2024\/12\/AENOR-Confia-1-1-8x12.jpg 8w, https:\/\/jekal.site\/wp-content\/uploads\/2024\/12\/AENOR-Confia-1-1-370x523.jpg 370w, https:\/\/jekal.site\/wp-content\/uploads\/2024\/12\/AENOR-Confia-1-1-840x1188.jpg 840w, https:\/\/jekal.site\/wp-content\/uploads\/2024\/12\/AENOR-Confia-1-1.jpg 1414w\" sizes=\"auto, (max-width: 724px) 100vw, 724px\" \/><\/a>\n\t\t<\/figure>\n\t<\/div>\n<\/div><\/div><\/div><\/div>\n<\/div>","protected":false},"excerpt":{"rendered":"01. OverviewIQNET Certification OverviewIQNET is an internationally recognized certification network dedicated to helping businesses meet global standards. Certification through IQNET demonstrates your commitment to quality and operational excellence, which is crucial for gaining credibility and expanding market access. 02. Why IQNET?Why Choose IQNET Certification?Choosing IQNET certification not only boosts your company's reputation but also helps you gain a competitive edge&hellip;","protected":false},"author":1,"featured_media":0,"parent":0,"menu_order":0,"comment_status":"closed","ping_status":"closed","template":"","meta":{"_bbp_topic_count":0,"_bbp_reply_count":0,"_bbp_total_topic_count":0,"_bbp_total_reply_count":0,"_bbp_voice_count":0,"_bbp_anonymous_reply_count":0,"_bbp_topic_count_hidden":0,"_bbp_reply_count_hidden":0,"_bbp_forum_subforum_count":0,"footnotes":""},"class_list":["post-1375","page","type-page","status-publish","hentry"],"yoast_head":"<!-- This site is optimized with the Yoast SEO Premium plugin v25.4 (Yoast SEO v25.4) - https:\/\/yoast.com\/wordpress\/plugins\/seo\/ -->\n<title>IQNET - Jekal<\/title>\n<meta name=\"robots\" content=\"index, follow, max-snippet:-1, max-image-preview:large, max-video-preview:-1\" \/>\n<link rel=\"canonical\" href=\"https:\/\/jekal.site\/es\/iqnet\/\" \/>\n<meta property=\"og:locale\" content=\"es_ES\" \/>\n<meta property=\"og:type\" content=\"article\" \/>\n<meta property=\"og:title\" content=\"IQNET\" \/>\n<meta property=\"og:url\" content=\"https:\/\/jekal.site\/es\/iqnet\/\" \/>\n<meta property=\"og:site_name\" content=\"Jekal\" \/>\n<meta property=\"article:modified_time\" content=\"2025-02-26T12:03:41+00:00\" \/>\n<meta property=\"og:image\" content=\"https:\/\/jekal.site\/wp-content\/uploads\/2025\/07\/Screenshot-2025-07-24-223326.png\" \/>\n\t<meta property=\"og:image:width\" content=\"1918\" \/>\n\t<meta property=\"og:image:height\" content=\"1047\" \/>\n\t<meta property=\"og:image:type\" content=\"image\/png\" \/>\n<meta name=\"twitter:card\" content=\"summary_large_image\" \/>\n<meta name=\"twitter:label1\" content=\"Tiempo de lectura\" \/>\n\t<meta name=\"twitter:data1\" content=\"3 minutos\" \/>\n<script type=\"application\/ld+json\" class=\"yoast-schema-graph\">{\"@context\":\"https:\/\/schema.org\",\"@graph\":[{\"@type\":\"WebPage\",\"@id\":\"https:\/\/jekal.site\/iqnet\/\",\"url\":\"https:\/\/jekal.site\/iqnet\/\",\"name\":\"IQNET - Jekal\",\"isPartOf\":{\"@id\":\"https:\/\/jekal.site\/#website\"},\"datePublished\":\"2024-12-03T16:51:02+00:00\",\"dateModified\":\"2025-02-26T12:03:41+00:00\",\"breadcrumb\":{\"@id\":\"https:\/\/jekal.site\/iqnet\/#breadcrumb\"},\"inLanguage\":\"es\",\"potentialAction\":[{\"@type\":\"ReadAction\",\"target\":[\"https:\/\/jekal.site\/iqnet\/\"]}]},{\"@type\":\"BreadcrumbList\",\"@id\":\"https:\/\/jekal.site\/iqnet\/#breadcrumb\",\"itemListElement\":[{\"@type\":\"ListItem\",\"position\":1,\"name\":\"Home\",\"item\":\"https:\/\/jekal.site\/\"},{\"@type\":\"ListItem\",\"position\":2,\"name\":\"IQNET\"}]},{\"@type\":\"WebSite\",\"@id\":\"https:\/\/jekal.site\/#website\",\"url\":\"https:\/\/jekal.site\/\",\"name\":\"Jekal\",\"description\":\"Exchange Agency\",\"publisher\":{\"@id\":\"https:\/\/jekal.site\/#organization\"},\"potentialAction\":[{\"@type\":\"SearchAction\",\"target\":{\"@type\":\"EntryPoint\",\"urlTemplate\":\"https:\/\/jekal.site\/?s={search_term_string}\"},\"query-input\":{\"@type\":\"PropertyValueSpecification\",\"valueRequired\":true,\"valueName\":\"search_term_string\"}}],\"inLanguage\":\"es\"},{\"@type\":\"Organization\",\"@id\":\"https:\/\/jekal.site\/#organization\",\"name\":\"JEKAL | BUREAU DE CHANGE\",\"url\":\"https:\/\/jekal.site\/\",\"logo\":{\"@type\":\"ImageObject\",\"inLanguage\":\"es\",\"@id\":\"https:\/\/jekal.site\/#\/schema\/logo\/image\/\",\"url\":\"https:\/\/jekal.site\/wp-content\/uploads\/2024\/10\/cropped-cropped-JEKAL-4-w.png\",\"contentUrl\":\"https:\/\/jekal.site\/wp-content\/uploads\/2024\/10\/cropped-cropped-JEKAL-4-w.png\",\"width\":500,\"height\":154,\"caption\":\"JEKAL | BUREAU DE CHANGE\"},\"image\":{\"@id\":\"https:\/\/jekal.site\/#\/schema\/logo\/image\/\"},\"description\":\"JEKAL SARL \u2013 Your Trusted Partner in Currency Exchange Since 1998, JEKAL SARL has been providing fast, secure, and transparent currency exchange services. With over 10,000 transactions annually, we have established ourselves as a trusted reference in Morocco, offering competitive exchange rates and a personalized approach to our clients.\",\"email\":\"info@jekal.site\",\"telephone\":\"+212 539-910 077\",\"legalName\":\"JEKAL | BUREAU DE CHANGE\",\"foundingDate\":\"1999-07-04\",\"numberOfEmployees\":{\"@type\":\"QuantitativeValue\",\"minValue\":\"1\",\"maxValue\":\"10\"},\"publishingPrinciples\":\"https:\/\/jekal.site\/privacy-policy\/\",\"ownershipFundingInfo\":\"https:\/\/jekal.site\/\"}]}<\/script>\n<!-- \/ Yoast SEO Premium plugin. -->","yoast_head_json":{"title":"IQNET - Jekal","robots":{"index":"index","follow":"follow","max-snippet":"max-snippet:-1","max-image-preview":"max-image-preview:large","max-video-preview":"max-video-preview:-1"},"canonical":"https:\/\/jekal.site\/es\/iqnet\/","og_locale":"es_ES","og_type":"article","og_title":"IQNET","og_url":"https:\/\/jekal.site\/es\/iqnet\/","og_site_name":"Jekal","article_modified_time":"2025-02-26T12:03:41+00:00","og_image":[{"width":1918,"height":1047,"url":"https:\/\/jekal.site\/wp-content\/uploads\/2025\/07\/Screenshot-2025-07-24-223326.png","type":"image\/png"}],"twitter_card":"summary_large_image","twitter_misc":{"Tiempo de lectura":"3 minutos"},"schema":{"@context":"https:\/\/schema.org","@graph":[{"@type":"WebPage","@id":"https:\/\/jekal.site\/iqnet\/","url":"https:\/\/jekal.site\/iqnet\/","name":"IQNET - Jekal","isPartOf":{"@id":"https:\/\/jekal.site\/#website"},"datePublished":"2024-12-03T16:51:02+00:00","dateModified":"2025-02-26T12:03:41+00:00","breadcrumb":{"@id":"https:\/\/jekal.site\/iqnet\/#breadcrumb"},"inLanguage":"es","potentialAction":[{"@type":"ReadAction","target":["https:\/\/jekal.site\/iqnet\/"]}]},{"@type":"BreadcrumbList","@id":"https:\/\/jekal.site\/iqnet\/#breadcrumb","itemListElement":[{"@type":"ListItem","position":1,"name":"Home","item":"https:\/\/jekal.site\/"},{"@type":"ListItem","position":2,"name":"IQNET"}]},{"@type":"WebSite","@id":"https:\/\/jekal.site\/#website","url":"https:\/\/jekal.site\/","name":"Jekal","description":"Agencia De Cambio","publisher":{"@id":"https:\/\/jekal.site\/#organization"},"potentialAction":[{"@type":"SearchAction","target":{"@type":"EntryPoint","urlTemplate":"https:\/\/jekal.site\/?s={search_term_string}"},"query-input":{"@type":"PropertyValueSpecification","valueRequired":true,"valueName":"search_term_string"}}],"inLanguage":"es"},{"@type":"Organization","@id":"https:\/\/jekal.site\/#organization","name":"JEKAL | BUREAU DE CHANGE","url":"https:\/\/jekal.site\/","logo":{"@type":"ImageObject","inLanguage":"es","@id":"https:\/\/jekal.site\/#\/schema\/logo\/image\/","url":"https:\/\/jekal.site\/wp-content\/uploads\/2024\/10\/cropped-cropped-JEKAL-4-w.png","contentUrl":"https:\/\/jekal.site\/wp-content\/uploads\/2024\/10\/cropped-cropped-JEKAL-4-w.png","width":500,"height":154,"caption":"JEKAL | BUREAU DE CHANGE"},"image":{"@id":"https:\/\/jekal.site\/#\/schema\/logo\/image\/"},"description":"JEKAL SARL \u2013 Your Trusted Partner in Currency Exchange Since 1998, JEKAL SARL has been providing fast, secure, and transparent currency exchange services. With over 10,000 transactions annually, we have established ourselves as a trusted reference in Morocco, offering competitive exchange rates and a personalized approach to our clients.","email":"info@jekal.site","telephone":"+212 539-910 077","legalName":"JEKAL | BUREAU DE CHANGE","foundingDate":"1999-07-04","numberOfEmployees":{"@type":"QuantitativeValue","minValue":"1","maxValue":"10"},"publishingPrinciples":"https:\/\/jekal.site\/privacy-policy\/","ownershipFundingInfo":"https:\/\/jekal.site\/"}]}},"brizy_media":[],"_links":{"self":[{"href":"https:\/\/jekal.site\/es\/wp-json\/wp\/v2\/pages\/1375","targetHints":{"allow":["GET"]}}],"collection":[{"href":"https:\/\/jekal.site\/es\/wp-json\/wp\/v2\/pages"}],"about":[{"href":"https:\/\/jekal.site\/es\/wp-json\/wp\/v2\/types\/page"}],"author":[{"embeddable":true,"href":"https:\/\/jekal.site\/es\/wp-json\/wp\/v2\/users\/1"}],"replies":[{"embeddable":true,"href":"https:\/\/jekal.site\/es\/wp-json\/wp\/v2\/comments?post=1375"}],"version-history":[{"count":5,"href":"https:\/\/jekal.site\/es\/wp-json\/wp\/v2\/pages\/1375\/revisions"}],"predecessor-version":[{"id":1469,"href":"https:\/\/jekal.site\/es\/wp-json\/wp\/v2\/pages\/1375\/revisions\/1469"}],"wp:attachment":[{"href":"https:\/\/jekal.site\/es\/wp-json\/wp\/v2\/media?parent=1375"}],"curies":[{"name":"wp","href":"https:\/\/api.w.org\/{rel}","templated":true}]}}